{"id":120,"date":"2022-08-07T16:30:21","date_gmt":"2022-08-07T16:30:21","guid":{"rendered":"https:\/\/ndermjetesimi.com\/?page_id=120"},"modified":"2024-09-15T22:21:30","modified_gmt":"2024-09-15T20:21:30","slug":"kryetari-ja","status":"publish","type":"page","link":"https:\/\/ndermjetesimi.com\/sr\/kryetari-ja\/","title":{"rendered":"Predsednik"},"content":{"rendered":"<div data-elementor-type=\"wp-page\" data-elementor-id=\"120\" class=\"elementor elementor-120\" data-elementor-settings=\"[]\">\n\t\t\t\t\t\t\t<div class=\"elementor-section-wrap\">\n\t\t\t\t\t\t\t<section class=\"elementor-section elementor-top-section elementor-element elementor-element-91a44fa elementor-section-boxed elementor-section-height-default elementor-section-height-default\" data-id=\"91a44fa\" data-element_type=\"section\" data-settings=\"{&quot;background_background&quot;:&quot;classic&quot;}\">\n\t\t\t\t\t\t\t<div class=\"elementor-background-overlay\"><\/div>\n\t\t\t\t\t\t\t<div class=\"elementor-container elementor-column-gap-default\">\n\t\t\t\t\t<div class=\"elementor-column elementor-col-100 elementor-top-column elementor-element elementor-element-3c11cf6\" data-id=\"3c11cf6\" data-element_type=\"column\">\n\t\t\t<div class=\"elementor-widget-wrap elementor-element-populated\">\n\t\t\t\t\t\t\t\t<div class=\"elementor-element elementor-element-7e70aba elementor-widget elementor-widget-heading\" data-id=\"7e70aba\" data-element_type=\"widget\" data-widget_type=\"heading.default\">\n\t\t\t\t<div class=\"elementor-widget-container\">\n\t\t\t<h1 class=\"elementor-heading-title elementor-size-default\">Predsednik<\/h1>\t\t<\/div>\n\t\t\t\t<\/div>\n\t\t\t\t\t<\/div>\n\t\t<\/div>\n\t\t\t\t\t\t\t<\/div>\n\t\t<\/section>\n\t\t\t\t<section class=\"elementor-section elementor-top-section elementor-element elementor-element-0ac94a3 elementor-section-boxed elementor-section-height-default elementor-section-height-default\" data-id=\"0ac94a3\" data-element_type=\"section\" data-settings=\"{&quot;background_background&quot;:&quot;classic&quot;}\">\n\t\t\t\t\t\t<div class=\"elementor-container elementor-column-gap-default\">\n\t\t\t\t\t<div class=\"elementor-column elementor-col-100 elementor-top-column elementor-element elementor-element-8eb0ace\" data-id=\"8eb0ace\" data-element_type=\"column\">\n\t\t\t<div class=\"elementor-widget-wrap elementor-element-populated\">\n\t\t\t\t\t\t\t\t<div class=\"elementor-element elementor-element-9883403 elementor-widget elementor-widget-heading\" data-id=\"9883403\" data-element_type=\"widget\" data-widget_type=\"heading.default\">\n\t\t\t\t<div class=\"elementor-widget-container\">\n\t\t\t<h4 class=\"elementor-heading-title elementor-size-default\">PREDSEDNIK MEDIJATORSKE KOMORE KOSOVA<\/h4>\t\t<\/div>\n\t\t\t\t<\/div>\n\t\t\t\t<div class=\"elementor-element elementor-element-de89f4b elementor-widget elementor-widget-text-editor\" data-id=\"de89f4b\" data-element_type=\"widget\" data-widget_type=\"text-editor.default\">\n\t\t\t\t<div class=\"elementor-widget-container\">\n\t\t\t\t\t\t\t<p>Predsednik Komore ima sledec\u0301a ovla\u0161c\u0301enja, ovla\u0161c\u0301enja i odgovornosti:<\/p>\n<ul>\n<li>usmerava, vodi i organizuje rad i odgovara za zakonitost rada Komore;<\/li>\n<li>predstavlja Komoru i prihvata sva zvani\u010dna dokumenta ili obave\u0161tenja u njeno ime. On\/ona je odgovoran za obave\u0161tavanje nadle\u017enih organa uprave o svim promenama u Komori;<\/li>\n<li>zastupa Komoru pred trec\u0301im licima, za ekonomska, finansijska i programska pitanja koja imaju op\u0161te dejstvo u oblasti posredovanja;<\/li>\n<li>potpisuje u ime Komore, u granicama utvr\u0111enim zakonom, statut i odluke Odbora i\/ili Skup\u0161tine;<\/li>\n<li>sprovodi plan rada Komore odobren od strane Skup\u0161tine;<\/li>\n<li>lobira za pitanja od posebnog zna\u010daja za oblast medijacije;<\/li>\n<li>igra aktivnu ulogu u zastupanju i promovisanju interesa u oblasti posredovanja prema dr\u017eavnim institucijama Republike Kosovo kao i drugim domac\u0301im i me\u0111unarodnim institucijama koje rade na polju posredovanja;<\/li>\n<li>aktivno u\u010destvuje u informisanju javnosti putem pisanih i elektronskih medija o medijaciji;<\/li>\n<li>imenuje administrativno osoblje u Komori nakon odobrenja Odbora, ako postoji;<\/li>\n<li>predla\u017ee nacrte pravilnika i drugih akata od zna\u010daja za rad Komore, na koje Odbor odobrava, sa\u010dinjava nacrt bud\u017eeta Komore i iznosi ga na razmatranje Odboru i usvajanje Skup\u0161tine;<\/li>\n<li>kontroli\u0161e i nadzire administraciju tro\u0161kova u okviru bud\u017eetskih granica Komore odobrenih od strane Skup\u0161tine;<\/li>\n<li>priprema godi\u0161nji izve\u0161taj sa fokusom na aktivnosti Komore;<\/li>\n<li>priprema godi\u0161nji finansijski izve\u0161taj Komore;<\/li>\n<li>zastupa ili ovla\u0161c\u0301uje zaposlene u Komore u okviru svojih ovla\u0161c\u0301enja za zastupanje u procesima finansijskog, pravnog i administrativnog funkcionisanja svakodnevne delatnosti Komore;<\/li>\n<li>u\u010destvuje na sednicama Skup\u0161tine i Komore, na sednicama Komore bez prava glasa;<\/li>\n<li>rukovodi izvr\u0161nom strukturom i obavlja sve poslove utvr\u0111ene statutom;<\/li>\n<li>odlu\u010duje, u skladu sa svojim nadle\u017enostima, o nesmetanom vo\u0111enju poslova Komore;<\/li>\n<li>inicira i daje predloge za ostvarivanje ciljeva Komore u saradnji sa Odborom;<\/li>\n<li>vodi postupak sve\u010dane zakletve;<\/li>\n<li>dozvoljava isplate iz bud\u017eeta Komore do granica koje odredi Odbor i odlu\u010duje o rashodima;<\/li>\n<li>za postizanje godi\u0161njeg plana rada obrazuje radne grupe i odre\u0111uje teme njihovog rada, o \u010demu obave\u0161tava Odbor;<\/li>\n<li>obavlja i druge poslove u skladu sa statutom i drugim normativnim aktima, povezujuc\u0301i dnevne aktivnosti Komore kako je definisano;<\/li>\n<li>obavlja i druge poslove po nalogu Skup\u0161tine i\/ili Odbora<\/li>\n<\/ul>\n<p>Predsednik Komore je odgovoran za rad i izve\u0161tava UpravnI odbor i Skup\u0161tinu.<\/p>\n<p>Komora predsednika mora imati visoku profesionalnu etiku, po\u0161tenje i posvec\u0301enost radu i zadacima Komore. Od njih se o\u010dekuje da budu budni i da sve du\u017enosti, ovla\u0161c\u0301enja i odgovornosti izvr\u0161avaju u dobroj nameri i lojalno, da donose odluke u punom poverenju, postupaju u najrazumnijoj meri u najboljem interesu Komore i njenih \u010dlanova Skup\u0161tine i budite pa\u017eljivi prema svojim odgovornostima. Oni moraju izbegavati svaki sukob interesa i, u tom slu\u010daju, uzdr\u017eati se od dono\u0161enja odluka i to izjaviti Odboru.<\/p>\n<p>Mandati i Kryetarit\/es t\u00eb ONDK \u00ebsht\u00eb n\u00eb koh\u00ebzgjatje prej tre (3) vite, me mund\u00ebsi rizgjedhje.<\/p>\t\t\t\t\t\t<\/div>\n\t\t\t\t<\/div>\n\t\t\t\t\t<\/div>\n\t\t<\/div>\n\t\t\t\t\t\t\t<\/div>\n\t\t<\/section>\n\t\t\t\t<section class=\"elementor-section elementor-top-section elementor-element elementor-element-36ed778d elementor-section-boxed elementor-section-height-default elementor-section-height-default\" data-id=\"36ed778d\" data-element_type=\"section\" data-settings=\"{&quot;background_background&quot;:&quot;classic&quot;}\">\n\t\t\t\t\t\t<div class=\"elementor-container elementor-column-gap-default\">\n\t\t\t\t\t<div class=\"elementor-column elementor-col-100 elementor-top-column elementor-element elementor-element-59203c41\" data-id=\"59203c41\" data-element_type=\"column\">\n\t\t\t<div class=\"elementor-widget-wrap elementor-element-populated\">\n\t\t\t\t\t\t\t\t<div class=\"elementor-element elementor-element-8e1364a elementor-widget elementor-widget-heading\" data-id=\"8e1364a\" data-element_type=\"widget\" data-widget_type=\"heading.default\">\n\t\t\t\t<div class=\"elementor-widget-container\">\n\t\t\t<h4 class=\"elementor-heading-title elementor-size-default\">PREDSEDNICI VEC\u0301A:<\/h4>\t\t<\/div>\n\t\t\t\t<\/div>\n\t\t\t\t<section class=\"elementor-section elementor-inner-section elementor-element elementor-element-12b0e6a elementor-section-boxed elementor-section-height-default elementor-section-height-default\" data-id=\"12b0e6a\" data-element_type=\"section\">\n\t\t\t\t\t\t<div class=\"elementor-container elementor-column-gap-default\">\n\t\t\t\t\t<div class=\"elementor-column elementor-col-100 elementor-inner-column elementor-element elementor-element-1ab5835c\" data-id=\"1ab5835c\" data-element_type=\"column\">\n\t\t\t<div class=\"elementor-widget-wrap elementor-element-populated\">\n\t\t\t\t\t\t\t\t<div class=\"elementor-element elementor-element-711e7f17 elementor-position-top elementor-vertical-align-top elementor-widget elementor-widget-image-box\" data-id=\"711e7f17\" data-element_type=\"widget\" data-widget_type=\"image-box.default\">\n\t\t\t\t<div class=\"elementor-widget-container\">\n\t\t\t<div class=\"elementor-image-box-wrapper\"><figure class=\"elementor-image-box-img\"><img decoding=\"async\" src=\"https:\/\/ndermjetesimi.com\/wp-content\/uploads\/elementor\/thumbs\/kryetarja-pt2zccx4xcaizzh4a9hwmipembzi4j0ym7j1p5f2cg.jpg\" title=\"kryetarja\" alt=\"kryetarja\" class=\"elementor-animation-float\" \/><\/figure><div class=\"elementor-image-box-content\"><h4 class=\"elementor-image-box-title\">Ganimete Xhelili<\/h4><p class=\"elementor-image-box-description\">Sociolog i posrednik<br>\nMandat:\nDecembar 2021 - Sada\u0161nji\n<br>E-mail: ganimete.xhelili@ndermjetesimi.com\n<br>Tel : +383(0)44 597 712\n<\/p><\/div><\/div>\t\t<\/div>\n\t\t\t\t<\/div>\n\t\t\t\t\t<\/div>\n\t\t<\/div>\n\t\t\t\t\t\t\t<\/div>\n\t\t<\/section>\n\t\t\t\t\t<\/div>\n\t\t<\/div>\n\t\t\t\t\t\t\t<\/div>\n\t\t<\/section>\n\t\t\t\t<section class=\"elementor-section elementor-top-section elementor-element elementor-element-13e9cbd elementor-section-boxed elementor-section-height-default elementor-section-height-default\" data-id=\"13e9cbd\" data-element_type=\"section\">\n\t\t\t\t\t\t<div class=\"elementor-container elementor-column-gap-default\">\n\t\t\t\t\t<div class=\"elementor-column elementor-col-100 elementor-top-column elementor-element elementor-element-2873445\" data-id=\"2873445\" data-element_type=\"column\">\n\t\t\t<div class=\"elementor-widget-wrap elementor-element-populated\">\n\t\t\t\t\t\t\t\t<div class=\"elementor-element elementor-element-5513361 elementor-widget elementor-widget-heading\" data-id=\"5513361\" data-element_type=\"widget\" data-widget_type=\"heading.default\">\n\t\t\t\t<div class=\"elementor-widget-container\">\n\t\t\t<h4 class=\"elementor-heading-title elementor-size-default\">PRETHODNI PRESEDNICI:<\/h4>\t\t<\/div>\n\t\t\t\t<\/div>\n\t\t\t\t<div class=\"elementor-element elementor-element-ad1274d elementor-widget elementor-widget-text-editor\" data-id=\"ad1274d\" data-element_type=\"widget\" data-widget_type=\"text-editor.default\">\n\t\t\t\t<div class=\"elementor-widget-container\">\n\t\t\t\t\t\t\t<p><strong>Faton Morina<\/strong> - Pravnik i posrednik \/ Mandat: novembar 2019 \u2013 februar 2021<br \/><br \/><\/p>\t\t\t\t\t\t<\/div>\n\t\t\t\t<\/div>\n\t\t\t\t\t<\/div>\n\t\t<\/div>\n\t\t\t\t\t\t\t<\/div>\n\t\t<\/section>\n\t\t\t\t\t\t<\/div>\n\t\t\t\t\t<\/div>","protected":false},"excerpt":{"rendered":"<p>KRYETARI\/JA I\/E OD\u00cbS S\u00cb ND\u00cbRMJET\u00cbSUESVE T\u00cb KOSOV\u00cbS Kryetari\/ja i ONDK ka k\u00ebto kompetenca, autorizime dhe p\u00ebrgjegj\u00ebsi: drejton, udh\u00ebheq, organizon pun\u00ebn dhe \u00ebsht\u00eb p\u00ebrgjegj\u00ebs\/e p\u00ebr ligjshm\u00ebrin\u00eb e pun\u00ebs n\u00eb ONDK; p\u00ebrfaq\u00ebson ONDK dhe pranon t\u00eb gjitha shkresat zyrtare n\u00eb em\u00ebr t\u00eb saj. Ai\/ajo \u00ebsht\u00eb p\u00ebrgjegj\u00ebs\/e p\u00ebr informimin e autoriteteve relevante administrative p\u00ebr \u00e7far\u00ebdo ndryshimi n\u00eb ONDK; &hellip;<\/p>\n<p class=\"read-more\"> <a class=\"\" href=\"https:\/\/ndermjetesimi.com\/sr\/kryetari-ja\/\"> <span class=\"screen-reader-text\">Predsednik<\/span> \u041f\u0440\u043e\u0447\u0438\u0442\u0430\u0458 \u0432\u0438\u0448\u0435 &raquo;<\/a><\/p>","protected":false},"author":1,"featured_media":0,"parent":0,"menu_order":0,"comment_status":"closed","ping_status":"closed","template":"","meta":{"_mi_skip_tracking":false,"site-sidebar-layout":"no-sidebar","site-content-layout":"page-builder","ast-global-header-display":"disabled","ast-main-header-display":"","ast-hfb-above-header-display":"","ast-hfb-below-header-display":"","ast-hfb-mobile-header-display":"","site-post-title":"disabled","ast-breadcrumbs-content":"","ast-featured-img":"disabled","footer-sml-layout":"disabled","theme-transparent-header-meta":"","adv-header-id-meta":"","stick-header-meta":"","header-above-stick-meta":"","header-main-stick-meta":"","header-below-stick-meta":"","footnotes":""},"class_list":["post-120","page","type-page","status-publish","hentry"],"yoast_head":"<!-- This site is optimized with the Yoast SEO plugin v21.3 - https:\/\/yoast.com\/wordpress\/plugins\/seo\/ -->\n<title>Kryetari\/ja - Oda e Nd\u00ebrmjet\u00ebsuesve t\u00eb Kosov\u00ebs<\/title>\n<meta name=\"robots\" content=\"index, follow, max-snippet:-1, max-image-preview:large, max-video-preview:-1\" \/>\n<link rel=\"canonical\" href=\"https:\/\/ndermjetesimi.com\/sr\/kryetari-ja\/\" \/>\n<meta property=\"og:locale\" content=\"sr_RS\" \/>\n<meta property=\"og:type\" content=\"article\" \/>\n<meta property=\"og:title\" content=\"Kryetari\/ja - Oda e Nd\u00ebrmjet\u00ebsuesve t\u00eb Kosov\u00ebs\" \/>\n<meta property=\"og:description\" content=\"KRYETARI\/JA I\/E OD\u00cbS S\u00cb ND\u00cbRMJET\u00cbSUESVE T\u00cb KOSOV\u00cbS Kryetari\/ja i ONDK ka k\u00ebto kompetenca, autorizime dhe p\u00ebrgjegj\u00ebsi: drejton, udh\u00ebheq, organizon pun\u00ebn dhe \u00ebsht\u00eb p\u00ebrgjegj\u00ebs\/e p\u00ebr ligjshm\u00ebrin\u00eb e pun\u00ebs n\u00eb ONDK; p\u00ebrfaq\u00ebson ONDK dhe pranon t\u00eb gjitha shkresat zyrtare n\u00eb em\u00ebr t\u00eb saj. Ai\/ajo \u00ebsht\u00eb p\u00ebrgjegj\u00ebs\/e p\u00ebr informimin e autoriteteve relevante administrative p\u00ebr \u00e7far\u00ebdo ndryshimi n\u00eb ONDK; &hellip; Kryetari\/ja \u041f\u0440\u043e\u0447\u0438\u0442\u0430\u0458 \u0432\u0438\u0448\u0435 &raquo;\" \/>\n<meta property=\"og:url\" content=\"https:\/\/ndermjetesimi.com\/sr\/kryetari-ja\/\" \/>\n<meta property=\"og:site_name\" content=\"Oda e Nd\u00ebrmjet\u00ebsuesve t\u00eb Kosov\u00ebs\" \/>\n<meta property=\"article:publisher\" content=\"https:\/\/www.facebook.com\/profile.php?id=100070871208708\" \/>\n<meta property=\"article:modified_time\" content=\"2024-09-15T20:21:30+00:00\" \/>\n<meta property=\"og:image\" content=\"https:\/\/ndermjetesimi.com\/wp-content\/uploads\/elementor\/thumbs\/kryetarja-pt2zccx4xcaizzh4a9hwmipembzi4j0ym7j1p5f2cg.jpg\" \/>\n<meta name=\"twitter:card\" content=\"summary_large_image\" \/>\n<meta name=\"twitter:label1\" content=\"\u041f\u0440\u043e\u0446\u0435\u045a\u0435\u043d\u043e \u0432\u0440\u0435\u043c\u0435 \u0447\u0438\u0442\u0430\u045a\u0430\" \/>\n\t<meta name=\"twitter:data1\" content=\"3 \u043c\u0438\u043d\u0443\u0442\u0430\" \/>\n<script type=\"application\/ld+json\" class=\"yoast-schema-graph\">{\"@context\":\"https:\/\/schema.org\",\"@graph\":[{\"@type\":\"WebPage\",\"@id\":\"https:\/\/ndermjetesimi.com\/kryetari-ja\/\",\"url\":\"https:\/\/ndermjetesimi.com\/kryetari-ja\/\",\"name\":\"Kryetari\/ja - Oda e Nd\u00ebrmjet\u00ebsuesve t\u00eb Kosov\u00ebs\",\"isPartOf\":{\"@id\":\"https:\/\/ndermjetesimi.com\/#website\"},\"datePublished\":\"2022-08-07T16:30:21+00:00\",\"dateModified\":\"2024-09-15T20:21:30+00:00\",\"breadcrumb\":{\"@id\":\"https:\/\/ndermjetesimi.com\/kryetari-ja\/#breadcrumb\"},\"inLanguage\":\"sr-RS\",\"potentialAction\":[{\"@type\":\"ReadAction\",\"target\":[\"https:\/\/ndermjetesimi.com\/kryetari-ja\/\"]}]},{\"@type\":\"BreadcrumbList\",\"@id\":\"https:\/\/ndermjetesimi.com\/kryetari-ja\/#breadcrumb\",\"itemListElement\":[{\"@type\":\"ListItem\",\"position\":1,\"name\":\"Home\",\"item\":\"https:\/\/ndermjetesimi.com\/\"},{\"@type\":\"ListItem\",\"position\":2,\"name\":\"Kryetari\/ja\"}]},{\"@type\":\"WebSite\",\"@id\":\"https:\/\/ndermjetesimi.com\/#website\",\"url\":\"https:\/\/ndermjetesimi.com\/\",\"name\":\"Oda e Nd\u00ebrmjet\u00ebsuesve t\u00eb Kosov\u00ebs\",\"description\":\"\",\"publisher\":{\"@id\":\"https:\/\/ndermjetesimi.com\/#organization\"},\"potentialAction\":[{\"@type\":\"SearchAction\",\"target\":{\"@type\":\"EntryPoint\",\"urlTemplate\":\"https:\/\/ndermjetesimi.com\/?s={search_term_string}\"},\"query-input\":\"required name=search_term_string\"}],\"inLanguage\":\"sr-RS\"},{\"@type\":\"Organization\",\"@id\":\"https:\/\/ndermjetesimi.com\/#organization\",\"name\":\"Oda e Nd\u00ebrmjet\u00ebsuesve t\u00eb Kosov\u00ebs\",\"url\":\"https:\/\/ndermjetesimi.com\/\",\"logo\":{\"@type\":\"ImageObject\",\"inLanguage\":\"sr-RS\",\"@id\":\"https:\/\/ndermjetesimi.com\/#\/schema\/logo\/image\/\",\"url\":\"https:\/\/ndermjetesimi.com\/wp-content\/uploads\/2022\/08\/cropped-Oda-form.png\",\"contentUrl\":\"https:\/\/ndermjetesimi.com\/wp-content\/uploads\/2022\/08\/cropped-Oda-form.png\",\"width\":1676,\"height\":404,\"caption\":\"Oda e Nd\u00ebrmjet\u00ebsuesve t\u00eb Kosov\u00ebs\"},\"image\":{\"@id\":\"https:\/\/ndermjetesimi.com\/#\/schema\/logo\/image\/\"},\"sameAs\":[\"https:\/\/www.facebook.com\/profile.php?id=100070871208708\"]}]}<\/script>\n<!-- \/ Yoast SEO plugin. -->","yoast_head_json":{"title":"Kryetari\/ja - Oda e Nd\u00ebrmjet\u00ebsuesve t\u00eb Kosov\u00ebs","robots":{"index":"index","follow":"follow","max-snippet":"max-snippet:-1","max-image-preview":"max-image-preview:large","max-video-preview":"max-video-preview:-1"},"canonical":"https:\/\/ndermjetesimi.com\/sr\/kryetari-ja\/","og_locale":"sr_RS","og_type":"article","og_title":"Kryetari\/ja - Oda e Nd\u00ebrmjet\u00ebsuesve t\u00eb Kosov\u00ebs","og_description":"KRYETARI\/JA I\/E OD\u00cbS S\u00cb ND\u00cbRMJET\u00cbSUESVE T\u00cb KOSOV\u00cbS Kryetari\/ja i ONDK ka k\u00ebto kompetenca, autorizime dhe p\u00ebrgjegj\u00ebsi: drejton, udh\u00ebheq, organizon pun\u00ebn dhe \u00ebsht\u00eb p\u00ebrgjegj\u00ebs\/e p\u00ebr ligjshm\u00ebrin\u00eb e pun\u00ebs n\u00eb ONDK; p\u00ebrfaq\u00ebson ONDK dhe pranon t\u00eb gjitha shkresat zyrtare n\u00eb em\u00ebr t\u00eb saj. Ai\/ajo \u00ebsht\u00eb p\u00ebrgjegj\u00ebs\/e p\u00ebr informimin e autoriteteve relevante administrative p\u00ebr \u00e7far\u00ebdo ndryshimi n\u00eb ONDK; &hellip; Kryetari\/ja \u041f\u0440\u043e\u0447\u0438\u0442\u0430\u0458 \u0432\u0438\u0448\u0435 &raquo;","og_url":"https:\/\/ndermjetesimi.com\/sr\/kryetari-ja\/","og_site_name":"Oda e Nd\u00ebrmjet\u00ebsuesve t\u00eb Kosov\u00ebs","article_publisher":"https:\/\/www.facebook.com\/profile.php?id=100070871208708","article_modified_time":"2024-09-15T20:21:30+00:00","og_image":[{"url":"https:\/\/ndermjetesimi.com\/wp-content\/uploads\/elementor\/thumbs\/kryetarja-pt2zccx4xcaizzh4a9hwmipembzi4j0ym7j1p5f2cg.jpg"}],"twitter_card":"summary_large_image","twitter_misc":{"\u041f\u0440\u043e\u0446\u0435\u045a\u0435\u043d\u043e \u0432\u0440\u0435\u043c\u0435 \u0447\u0438\u0442\u0430\u045a\u0430":"3 \u043c\u0438\u043d\u0443\u0442\u0430"},"schema":{"@context":"https:\/\/schema.org","@graph":[{"@type":"WebPage","@id":"https:\/\/ndermjetesimi.com\/kryetari-ja\/","url":"https:\/\/ndermjetesimi.com\/kryetari-ja\/","name":"Kryetari\/ja - Oda e Nd\u00ebrmjet\u00ebsuesve t\u00eb Kosov\u00ebs","isPartOf":{"@id":"https:\/\/ndermjetesimi.com\/#website"},"datePublished":"2022-08-07T16:30:21+00:00","dateModified":"2024-09-15T20:21:30+00:00","breadcrumb":{"@id":"https:\/\/ndermjetesimi.com\/kryetari-ja\/#breadcrumb"},"inLanguage":"sr-RS","potentialAction":[{"@type":"ReadAction","target":["https:\/\/ndermjetesimi.com\/kryetari-ja\/"]}]},{"@type":"BreadcrumbList","@id":"https:\/\/ndermjetesimi.com\/kryetari-ja\/#breadcrumb","itemListElement":[{"@type":"ListItem","position":1,"name":"Home","item":"https:\/\/ndermjetesimi.com\/"},{"@type":"ListItem","position":2,"name":"Kryetari\/ja"}]},{"@type":"WebSite","@id":"https:\/\/ndermjetesimi.com\/#website","url":"https:\/\/ndermjetesimi.com\/","name":"Oda e Nd\u00ebrmjet\u00ebsuesve t\u00eb Kosov\u00ebs","description":"","publisher":{"@id":"https:\/\/ndermjetesimi.com\/#organization"},"potentialAction":[{"@type":"SearchAction","target":{"@type":"EntryPoint","urlTemplate":"https:\/\/ndermjetesimi.com\/?s={search_term_string}"},"query-input":"required name=search_term_string"}],"inLanguage":"sr-RS"},{"@type":"Organization","@id":"https:\/\/ndermjetesimi.com\/#organization","name":"Oda e Nd\u00ebrmjet\u00ebsuesve t\u00eb Kosov\u00ebs","url":"https:\/\/ndermjetesimi.com\/","logo":{"@type":"ImageObject","inLanguage":"sr-RS","@id":"https:\/\/ndermjetesimi.com\/#\/schema\/logo\/image\/","url":"https:\/\/ndermjetesimi.com\/wp-content\/uploads\/2022\/08\/cropped-Oda-form.png","contentUrl":"https:\/\/ndermjetesimi.com\/wp-content\/uploads\/2022\/08\/cropped-Oda-form.png","width":1676,"height":404,"caption":"Oda e Nd\u00ebrmjet\u00ebsuesve t\u00eb Kosov\u00ebs"},"image":{"@id":"https:\/\/ndermjetesimi.com\/#\/schema\/logo\/image\/"},"sameAs":["https:\/\/www.facebook.com\/profile.php?id=100070871208708"]}]}},"_links":{"self":[{"href":"https:\/\/ndermjetesimi.com\/sr\/wp-json\/wp\/v2\/pages\/120"}],"collection":[{"href":"https:\/\/ndermjetesimi.com\/sr\/wp-json\/wp\/v2\/pages"}],"about":[{"href":"https:\/\/ndermjetesimi.com\/sr\/wp-json\/wp\/v2\/types\/page"}],"author":[{"embeddable":true,"href":"https:\/\/ndermjetesimi.com\/sr\/wp-json\/wp\/v2\/users\/1"}],"replies":[{"embeddable":true,"href":"https:\/\/ndermjetesimi.com\/sr\/wp-json\/wp\/v2\/comments?post=120"}],"version-history":[{"count":34,"href":"https:\/\/ndermjetesimi.com\/sr\/wp-json\/wp\/v2\/pages\/120\/revisions"}],"predecessor-version":[{"id":2857,"href":"https:\/\/ndermjetesimi.com\/sr\/wp-json\/wp\/v2\/pages\/120\/revisions\/2857"}],"wp:attachment":[{"href":"https:\/\/ndermjetesimi.com\/sr\/wp-json\/wp\/v2\/media?parent=120"}],"curies":[{"name":"wp","href":"https:\/\/api.w.org\/{rel}","templated":true}]}}