{"id":118,"date":"2022-08-07T16:29:57","date_gmt":"2022-08-07T16:29:57","guid":{"rendered":"https:\/\/ndermjetesimi.com\/?page_id=118"},"modified":"2024-09-15T22:19:23","modified_gmt":"2024-09-15T20:19:23","slug":"bordi","status":"publish","type":"page","link":"https:\/\/ndermjetesimi.com\/sr\/bordi\/","title":{"rendered":"Odbor"},"content":{"rendered":"<div data-elementor-type=\"wp-page\" data-elementor-id=\"118\" class=\"elementor elementor-118\" data-elementor-settings=\"[]\">\n\t\t\t\t\t\t\t<div class=\"elementor-section-wrap\">\n\t\t\t\t\t\t\t<section class=\"elementor-section elementor-top-section elementor-element elementor-element-650a0eb0 elementor-section-boxed elementor-section-height-default elementor-section-height-default\" data-id=\"650a0eb0\" data-element_type=\"section\" data-settings=\"{&quot;background_background&quot;:&quot;classic&quot;}\">\n\t\t\t\t\t\t\t<div class=\"elementor-background-overlay\"><\/div>\n\t\t\t\t\t\t\t<div class=\"elementor-container elementor-column-gap-default\">\n\t\t\t\t\t<div class=\"elementor-column elementor-col-100 elementor-top-column elementor-element elementor-element-1079c3e0\" data-id=\"1079c3e0\" data-element_type=\"column\">\n\t\t\t<div class=\"elementor-widget-wrap elementor-element-populated\">\n\t\t\t\t\t\t\t\t<div class=\"elementor-element elementor-element-4f70e5b3 elementor-widget elementor-widget-heading\" data-id=\"4f70e5b3\" data-element_type=\"widget\" data-widget_type=\"heading.default\">\n\t\t\t\t<div class=\"elementor-widget-container\">\n\t\t\t<h1 class=\"elementor-heading-title elementor-size-default\">Odbor<\/h1>\t\t<\/div>\n\t\t\t\t<\/div>\n\t\t\t\t\t<\/div>\n\t\t<\/div>\n\t\t\t\t\t\t\t<\/div>\n\t\t<\/section>\n\t\t\t\t<section class=\"elementor-section elementor-top-section elementor-element elementor-element-2179a495 elementor-section-boxed elementor-section-height-default elementor-section-height-default\" data-id=\"2179a495\" data-element_type=\"section\" data-settings=\"{&quot;background_background&quot;:&quot;classic&quot;}\">\n\t\t\t\t\t\t<div class=\"elementor-container elementor-column-gap-default\">\n\t\t\t\t\t<div class=\"elementor-column elementor-col-100 elementor-top-column elementor-element elementor-element-7612747d\" data-id=\"7612747d\" data-element_type=\"column\">\n\t\t\t<div class=\"elementor-widget-wrap elementor-element-populated\">\n\t\t\t\t\t\t\t\t<div class=\"elementor-element elementor-element-afd8d33 elementor-widget elementor-widget-heading\" data-id=\"afd8d33\" data-element_type=\"widget\" data-widget_type=\"heading.default\">\n\t\t\t\t<div class=\"elementor-widget-container\">\n\t\t\t<h4 class=\"elementor-heading-title elementor-size-default\">ODBOR POSREDNI\u010cKE KOMORE KOSOVA<\/h4>\t\t<\/div>\n\t\t\t\t<\/div>\n\t\t\t\t<div class=\"elementor-element elementor-element-3a3b58e elementor-widget elementor-widget-text-editor\" data-id=\"3a3b58e\" data-element_type=\"widget\" data-widget_type=\"text-editor.default\">\n\t\t\t\t<div class=\"elementor-widget-container\">\n\t\t\t\t\t\t\t<p>Upravni odbor Komore ima sledec\u0301a ovla\u0161c\u0301enja i odgovornosti:<\/p>\n<ul>\n<li>predla\u017ee izmene i dopune statuta o kojima odlu\u010duje Skup\u0161tina;<\/li>\n<li>saziva redovne ili vanredne sednice Skup\u0161tine u skladu sa statutom;<\/li>\n<li>vr\u0161i finansijsku kontrolu nad Komorom;<\/li>\n<li>usvaja predlog godi\u0161njeg bud\u017eeta Komore koji se upuc\u0301uje Skup\u0161tini;<\/li>\n<li>utvr\u0111uje kriterijume i uslove koje mora da ispunjava kandidat koji se imenuje na funkciju predsednika Odbora;<\/li>\n<li>utvr\u0111uje proceduru po kojoj se imenuje predsedavajuc\u0301i;<\/li>\n<li>utvr\u0111uje mandat predsednika i utvr\u0111uje visinu naknade predsednika Komore o \u010demu obave\u0161tava Skup\u0161tinu, predsednik odbora u ime Komore potpisuje ugovor o radu sa predsednikom Komore;<\/li>\n<li>daje saglasnost na organizacionu strukturu Komore;<\/li>\n<li>odobrava slu\u017ebena putovanja predsednika Komore, Upravnog odbora i drugih \u010dlanova Komore;<\/li>\n<li>odobrava osnivanje stru\u010dnih komiteta i radnih grupa (stalnih ili ad hoc); <em>ad hoc<\/em>);<\/li>\n<li>utvr\u0111uje naknadu za rad navedenih komisija i stru\u010dnih radnih grupa;<\/li>\n<li>ispituje nepravilnosti u vezi sa Komorom koje je bilo koja strana prijavila Komori;<\/li>\n<li>preduzima inicijative za unapre\u0111enje rada Komore, igrajuc\u0301i proaktivnu i saradni\u010dku ulogu kako sa trec\u0301im licima tako i sa Skup\u0161tinom, podr\u017eavajuc\u0301i njene napore da promovi\u0161e dnevni red Komore, kao i pa\u017eljivo prac\u0301enje sprovo\u0111enja zadataka dodeljenih organima Komore;<\/li>\n<li>obavlja i druge poslove za koje je ovla\u0161c\u0301en na osnovu statuta ili druge poslove koje mu poveri Skup\u0161tina Komore.<\/li>\n<\/ul>\n<p>Skup\u0161tina bira \u010dlanove Odbora vec\u0301inom glasova prisutnih \u010dlanova. Odbor se sastoji od sedam (7) \u010dlanova koji dolaze iz ili predstavljaju ukupno 7 (sedam) regiona Republike Kosovo, koji uklju\u010duju:<\/p>\n<ul>\n<li>Pri\u0161tina<\/li>\n<li>Mitrovica<\/li>\n<li>Pe\u0107<\/li>\n<li>Prizren<\/li>\n<li>Uro\u0161evac<\/li>\n<li>Gnjilane<\/li>\n<li>\u0110akovica<\/li>\n<\/ul>\n<p>Predsednik Komore je po slu\u017ebenoj du\u017enosti \u010dlan Odbora bez prava glasa.<\/p>\n<p>Predsednik Odbora se bira na redovnoj sednici Odbora, vec\u0301inom glasova \u010dlanova Odbora. On\/ona zamenjuje predsednika Komore u njihovom odsustvu. Mandat \u010dlanova Odbora je dve (2) godine sa moguc\u0301no\u0161c\u0301u ponovnog izbora.<\/p>\n<p>Predsednik i \u010dlanovi Odbora mogu biti razre\u0161eni pre isteka mandata, vec\u0301inom glasova u Skup\u0161tini u sledec\u0301im slu\u010dajevima:<\/p>\n<ul>\n<li>na zahtev predsednika ili \u010dlana odbora;<\/li>\n<li>u slu\u010daju smrti predsednika ili \u010dlana odbora;<\/li>\n<li>ako bez razloga ne u\u010destvuju vi\u0161e od tri puta na sednicama Odbora;<\/li>\n<li>ako ne sprovode akte Komore, odluke Odbora i\/ili Skup\u0161tine;<\/li>\n<li>ne radi u skladu sa zakonskim odredbama, ne po\u0161tuje odredbe statuta, odluke Odbora i\/ili Skup\u0161tine, te ih ne sprovodi ili sprovodi van predvi\u0111enog roka i suprotno od onoga kako bi trebalo da budu sprovodi se osim ako nije u suprotnosti sa zakonima;<\/li>\n<li>ne podnose na vreme izve\u0161taje predvi\u0111ene statutom ili na zahtev Odbora i\/ili Skup\u0161tine;<\/li>\n<li>ako svojim radom nanesu materijalnu ili povredu ugleda Komori ili njenim \u010dlanovima;<\/li>\n<li>ako su pravosna\u017enom sudskom presudom osu\u0111eni za krivi\u010dno delo na bezuslovnu kaznu zatvora preko \u0161est meseci, ili ako im je zabranjeno bavljenje profesijom posrednika;<\/li>\n<li>ako je Ministarstvo pravde izreklo kona\u010dnu disciplinsku meru za oduzimanje ili suspenziju licence;<\/li>\n<li>ako Odbor i\/ili Skup\u0161tina utvrdi da rezultati njihovog rada nisu zadovoljavajuc\u0301i;<\/li>\n<li>zbog prekora\u010denja slu\u017ebenih ovla\u0161c\u0301enja ili zloupotrebe slu\u017ebenog polo\u017eaja;<\/li>\n<li>u slu\u010dajevima predvi\u0111enim va\u017eec\u0301im zakonom.<\/li>\n<\/ul>\n<p>U slu\u010daju prestanka mandata predsednika odbora ili \u010dlanova odbora, Skup\u0161tina bira predsednika odbora ili novog \u010dlana na period koji odgovara preostalom mandatu.<\/p>\n<p>Odbor odr\u017eava redovne sednice svaka tri meseca. Predsednik Odbora zakazuje sednice odbora na zahtev svakog \u010dlana Odbora i\/ili predsednika Odbora putem pismene forme upuc\u0301ene \u010dlanovima Odbora. Sednice odbora su punova\u017ene kada je prisutno vi\u0161e od polovine \u010dlanova odbora (kvorum). Ukoliko se ne postigne kvorum, sednica se odla\u017ee za drugi dan, a svim \u010dlanovima bic\u0301e poslato novo obave\u0161tenje. Svaki \u010dlan ima jedan glas u Upravnom odboru.<\/p>\n<p>Odluke Odbora usvajaju se vec\u0301inom glasova \u010dlanova na sednici, pod uslovom da statutom nije druga\u010dije odre\u0111eno. U slu\u010daju jednakog broja glasova, prednost ima glas predsedavajuc\u0301eg. Odluka odbora je obavezujuc\u0301a nakon \u0161to je potpi\u0161e predsedavajuc\u0301i i protekom pet (5) dana od dana usvajanja odluke, u skladu sa odredbama statuta. Svaki \u010dlan mora da se uzdr\u017ei od glasanja ili odobravanja odluka o pitanjima u kojima ima li\u010dni ili ekonomski interes.<\/p>\n<p>Svake godine Odbor mora da po\u0161alje na usvajanje Skup\u0161tine radni i finansijski plan za prethodnu godinu i plan rada i finansijski plan za narednu godinu. Pravilnikom o radu Odbora treba da se utvrdi bli\u017ei na\u010din funkcionisanja odbora koji usvaja Skup\u0161tina.<\/p>\n<p><\/p>\n<p>Ministarstvo pravde je 2. novembra 2019. godine po prvi put organizovalo Skup\u0161tinu za osnivanje Komore medijatora, a 17. novembra osnovana je Komora medijatora Republike Kosovo i njeni organi su izabrali:<\/p>\n<ul>\n<li>Faton Morina, Predsednik<\/li>\n<li>Adelina Bojaxhiu Sopi, Predstavnik odbora za region Pri\u0161tine<\/li>\n<li>Ganimete Xhelili, Predstavnik odbora za region Gnjilane<\/li>\n<li>Shtjef\u00ebn Kajtazi, Predstavnik odbora za region \u0110akovice<\/li>\n<li>Haxhi Ib\u00ebrdemaj, Predstavnik odbora za region Pec\u0301i<\/li>\n<li>Shaban Rexha, Predstavnik odbora za region Pec\u0301i<\/li>\n<li>Edmond Kumnova, Predstavnik odbora za region Mitrovice<\/li>\n<li>Baki Morina, Predstavnik odbora za region Prizrena<\/li>\n<\/ul>\n<p>II (druga) Skup\u0161tina Komore je 18. decembra 2021. godine izabrala novo predstavni\u0161tvo (predsednika i 7 \u010dlanova odbora\/regionalnih predstavnika):<\/p>\n<ul>\n<li>Ganimete Xhelili, Predsednik<\/li>\n<li>Nexhip Sheholli, Predstavnik odbora za region Pri\u0161tine<\/li>\n<li>Ruzhdi Gagica, Predstavnik odbora za region Gnjilane<\/li>\n<li>Shtjef\u00ebn Kajtazi, Predstavnik odbora za region \u0110akovice<\/li>\n<li>Haxhi Ib\u00ebrdemaj, Predstavnik odbora za region Pec\u0301i<\/li>\n<li>Shaban Rexha, Predstavnik odbora za region Pec\u0301i<\/li>\n<li>Mentor Boja, Predstavnik odbora za region Mitrovice<\/li>\n<li>Baki Morina, Predstavnik odbora za region Prizrena<\/li>\n<\/ul>\n<p style=\"font-size: 15px; font-style: normal; font-weight: 300; text-align: justify;\">M\u00eb 24 Shkurt 2024 u mbajt Kuvendi III (i tret\u00eb) zgjedhor i ONDK ku u zgjedhen organet e reja, rizgjedhet kryetarja dhe 7 an\u00ebtar\u00eb t\u00eb bordit, p\u00ebrfaq\u00ebsues\/e t\u00eb rajoneve:<\/p><ul style=\"font-size: 15px; font-style: normal; font-weight: 300; text-align: justify;\"><li style=\"font-size: 15px; font-style: normal; font-weight: 300;\">Ganimete Xhelili, Predsednik<\/li><li style=\"font-size: 15px; font-style: normal; font-weight: 300;\">Anita Kosumi, P\u00ebrfaq\u00ebsuese e Bordit t\u00eb Rajonit t\u00eb Prishtin\u00ebs<\/li><li style=\"font-size: 15px; font-style: normal; font-weight: 300;\">Hidajete Ismaili, P\u00ebrfaq\u00ebsuese e Rajonit t\u00eb Gjilanit<\/li><li style=\"font-size: 15px; font-style: normal; font-weight: 300;\">Nora Dobruna, P\u00ebrfaq\u00ebsuese e Rajonit t\u00eb Gjakov\u00ebs<\/li><li style=\"font-size: 15px;\">Shkelzen Dreshaj, P\u00ebrfaq\u00ebsues i Rajonit t\u00eb Pej\u00ebs<br><\/li><li style=\"font-size: 15px;\">Teuta Bajrami, P\u00ebrfaq\u00ebsuese e Rajonit t\u00eb Ferizaj<br><\/li><li style=\"font-size: 15px;\">Edmond Kumnova, Predstavnik odbora za region Mitrovice<br><\/li><li style=\"font-size: 15px;\">Arijeta Hoti Haxhiajdini, P\u00ebrfaq\u00ebsuese e Rajonit t\u00eb Prizrenit<\/li><\/ul>\t\t\t\t\t\t<\/div>\n\t\t\t\t<\/div>\n\t\t\t\t\t<\/div>\n\t\t<\/div>\n\t\t\t\t\t\t\t<\/div>\n\t\t<\/section>\n\t\t\t\t\t\t<\/div>\n\t\t\t\t\t<\/div>","protected":false},"excerpt":{"rendered":"<p>BORDI I OD\u00cbS S\u00cb ND\u00cbRMJET\u00cbSUESVE T\u00cb KOSOV\u00cbS Bordi i ONDK ka autorizimet dhe p\u00ebrgjegj\u00ebsit\u00eb n\u00eb vijim: propozon ndryshimet dhe plot\u00ebsimet n\u00eb Statut p\u00ebr t\u00eb cilat vendos Kuvendi; thirr mbledhjen e rregullt apo t\u00eb jasht\u00ebzakonshme t\u00eb Kuvendit sipas Statutit; ushtron kontrollin financiar t\u00eb ONDK; miraton propozimin e projekt-buxhetit vjetor t\u00eb ONDK p\u00ebr t\u2019a d\u00ebrguar n\u00eb Kuvend; &hellip;<\/p>\n<p class=\"read-more\"> <a class=\"\" href=\"https:\/\/ndermjetesimi.com\/sr\/bordi\/\"> <span class=\"screen-reader-text\">Odbor<\/span> \u041f\u0440\u043e\u0447\u0438\u0442\u0430\u0458 \u0432\u0438\u0448\u0435 &raquo;<\/a><\/p>","protected":false},"author":1,"featured_media":0,"parent":0,"menu_order":0,"comment_status":"closed","ping_status":"closed","template":"","meta":{"_mi_skip_tracking":false,"site-sidebar-layout":"no-sidebar","site-content-layout":"page-builder","ast-global-header-display":"disabled","ast-main-header-display":"","ast-hfb-above-header-display":"","ast-hfb-below-header-display":"","ast-hfb-mobile-header-display":"","site-post-title":"disabled","ast-breadcrumbs-content":"","ast-featured-img":"disabled","footer-sml-layout":"disabled","theme-transparent-header-meta":"","adv-header-id-meta":"","stick-header-meta":"","header-above-stick-meta":"","header-main-stick-meta":"","header-below-stick-meta":"","footnotes":""},"class_list":["post-118","page","type-page","status-publish","hentry"],"yoast_head":"<!-- This site is optimized with the Yoast SEO plugin v21.3 - https:\/\/yoast.com\/wordpress\/plugins\/seo\/ -->\n<title>Bordi - Oda e Nd\u00ebrmjet\u00ebsuesve t\u00eb Kosov\u00ebs<\/title>\n<meta name=\"robots\" content=\"index, follow, max-snippet:-1, max-image-preview:large, max-video-preview:-1\" \/>\n<link rel=\"canonical\" href=\"https:\/\/ndermjetesimi.com\/sr\/bordi\/\" \/>\n<meta property=\"og:locale\" content=\"sr_RS\" \/>\n<meta property=\"og:type\" content=\"article\" \/>\n<meta property=\"og:title\" content=\"Bordi - Oda e Nd\u00ebrmjet\u00ebsuesve t\u00eb Kosov\u00ebs\" \/>\n<meta property=\"og:description\" content=\"BORDI I OD\u00cbS S\u00cb ND\u00cbRMJET\u00cbSUESVE T\u00cb KOSOV\u00cbS Bordi i ONDK ka autorizimet dhe p\u00ebrgjegj\u00ebsit\u00eb n\u00eb vijim: propozon ndryshimet dhe plot\u00ebsimet n\u00eb Statut p\u00ebr t\u00eb cilat vendos Kuvendi; thirr mbledhjen e rregullt apo t\u00eb jasht\u00ebzakonshme t\u00eb Kuvendit sipas Statutit; ushtron kontrollin financiar t\u00eb ONDK; miraton propozimin e projekt-buxhetit vjetor t\u00eb ONDK p\u00ebr t\u2019a d\u00ebrguar n\u00eb Kuvend; &hellip; Bordi \u041f\u0440\u043e\u0447\u0438\u0442\u0430\u0458 \u0432\u0438\u0448\u0435 &raquo;\" \/>\n<meta property=\"og:url\" content=\"https:\/\/ndermjetesimi.com\/sr\/bordi\/\" \/>\n<meta property=\"og:site_name\" content=\"Oda e Nd\u00ebrmjet\u00ebsuesve t\u00eb Kosov\u00ebs\" \/>\n<meta property=\"article:publisher\" content=\"https:\/\/www.facebook.com\/profile.php?id=100070871208708\" \/>\n<meta property=\"article:modified_time\" content=\"2024-09-15T20:19:23+00:00\" \/>\n<meta name=\"twitter:card\" content=\"summary_large_image\" \/>\n<meta name=\"twitter:label1\" content=\"\u041f\u0440\u043e\u0446\u0435\u045a\u0435\u043d\u043e \u0432\u0440\u0435\u043c\u0435 \u0447\u0438\u0442\u0430\u045a\u0430\" \/>\n\t<meta name=\"twitter:data1\" content=\"5 \u043c\u0438\u043d\u0443\u0442\u0430\" \/>\n<script type=\"application\/ld+json\" class=\"yoast-schema-graph\">{\"@context\":\"https:\/\/schema.org\",\"@graph\":[{\"@type\":\"WebPage\",\"@id\":\"https:\/\/ndermjetesimi.com\/bordi\/\",\"url\":\"https:\/\/ndermjetesimi.com\/bordi\/\",\"name\":\"Bordi - Oda e Nd\u00ebrmjet\u00ebsuesve t\u00eb Kosov\u00ebs\",\"isPartOf\":{\"@id\":\"https:\/\/ndermjetesimi.com\/#website\"},\"datePublished\":\"2022-08-07T16:29:57+00:00\",\"dateModified\":\"2024-09-15T20:19:23+00:00\",\"breadcrumb\":{\"@id\":\"https:\/\/ndermjetesimi.com\/bordi\/#breadcrumb\"},\"inLanguage\":\"sr-RS\",\"potentialAction\":[{\"@type\":\"ReadAction\",\"target\":[\"https:\/\/ndermjetesimi.com\/bordi\/\"]}]},{\"@type\":\"BreadcrumbList\",\"@id\":\"https:\/\/ndermjetesimi.com\/bordi\/#breadcrumb\",\"itemListElement\":[{\"@type\":\"ListItem\",\"position\":1,\"name\":\"Home\",\"item\":\"https:\/\/ndermjetesimi.com\/\"},{\"@type\":\"ListItem\",\"position\":2,\"name\":\"Bordi\"}]},{\"@type\":\"WebSite\",\"@id\":\"https:\/\/ndermjetesimi.com\/#website\",\"url\":\"https:\/\/ndermjetesimi.com\/\",\"name\":\"Oda e Nd\u00ebrmjet\u00ebsuesve t\u00eb Kosov\u00ebs\",\"description\":\"\",\"publisher\":{\"@id\":\"https:\/\/ndermjetesimi.com\/#organization\"},\"potentialAction\":[{\"@type\":\"SearchAction\",\"target\":{\"@type\":\"EntryPoint\",\"urlTemplate\":\"https:\/\/ndermjetesimi.com\/?s={search_term_string}\"},\"query-input\":\"required name=search_term_string\"}],\"inLanguage\":\"sr-RS\"},{\"@type\":\"Organization\",\"@id\":\"https:\/\/ndermjetesimi.com\/#organization\",\"name\":\"Oda e Nd\u00ebrmjet\u00ebsuesve t\u00eb Kosov\u00ebs\",\"url\":\"https:\/\/ndermjetesimi.com\/\",\"logo\":{\"@type\":\"ImageObject\",\"inLanguage\":\"sr-RS\",\"@id\":\"https:\/\/ndermjetesimi.com\/#\/schema\/logo\/image\/\",\"url\":\"https:\/\/ndermjetesimi.com\/wp-content\/uploads\/2022\/08\/cropped-Oda-form.png\",\"contentUrl\":\"https:\/\/ndermjetesimi.com\/wp-content\/uploads\/2022\/08\/cropped-Oda-form.png\",\"width\":1676,\"height\":404,\"caption\":\"Oda e Nd\u00ebrmjet\u00ebsuesve t\u00eb Kosov\u00ebs\"},\"image\":{\"@id\":\"https:\/\/ndermjetesimi.com\/#\/schema\/logo\/image\/\"},\"sameAs\":[\"https:\/\/www.facebook.com\/profile.php?id=100070871208708\"]}]}<\/script>\n<!-- \/ Yoast SEO plugin. -->","yoast_head_json":{"title":"Bordi - Oda e Nd\u00ebrmjet\u00ebsuesve t\u00eb Kosov\u00ebs","robots":{"index":"index","follow":"follow","max-snippet":"max-snippet:-1","max-image-preview":"max-image-preview:large","max-video-preview":"max-video-preview:-1"},"canonical":"https:\/\/ndermjetesimi.com\/sr\/bordi\/","og_locale":"sr_RS","og_type":"article","og_title":"Bordi - Oda e Nd\u00ebrmjet\u00ebsuesve t\u00eb Kosov\u00ebs","og_description":"BORDI I OD\u00cbS S\u00cb ND\u00cbRMJET\u00cbSUESVE T\u00cb KOSOV\u00cbS Bordi i ONDK ka autorizimet dhe p\u00ebrgjegj\u00ebsit\u00eb n\u00eb vijim: propozon ndryshimet dhe plot\u00ebsimet n\u00eb Statut p\u00ebr t\u00eb cilat vendos Kuvendi; thirr mbledhjen e rregullt apo t\u00eb jasht\u00ebzakonshme t\u00eb Kuvendit sipas Statutit; ushtron kontrollin financiar t\u00eb ONDK; miraton propozimin e projekt-buxhetit vjetor t\u00eb ONDK p\u00ebr t\u2019a d\u00ebrguar n\u00eb Kuvend; &hellip; Bordi \u041f\u0440\u043e\u0447\u0438\u0442\u0430\u0458 \u0432\u0438\u0448\u0435 &raquo;","og_url":"https:\/\/ndermjetesimi.com\/sr\/bordi\/","og_site_name":"Oda e Nd\u00ebrmjet\u00ebsuesve t\u00eb Kosov\u00ebs","article_publisher":"https:\/\/www.facebook.com\/profile.php?id=100070871208708","article_modified_time":"2024-09-15T20:19:23+00:00","twitter_card":"summary_large_image","twitter_misc":{"\u041f\u0440\u043e\u0446\u0435\u045a\u0435\u043d\u043e \u0432\u0440\u0435\u043c\u0435 \u0447\u0438\u0442\u0430\u045a\u0430":"5 \u043c\u0438\u043d\u0443\u0442\u0430"},"schema":{"@context":"https:\/\/schema.org","@graph":[{"@type":"WebPage","@id":"https:\/\/ndermjetesimi.com\/bordi\/","url":"https:\/\/ndermjetesimi.com\/bordi\/","name":"Bordi - Oda e Nd\u00ebrmjet\u00ebsuesve t\u00eb Kosov\u00ebs","isPartOf":{"@id":"https:\/\/ndermjetesimi.com\/#website"},"datePublished":"2022-08-07T16:29:57+00:00","dateModified":"2024-09-15T20:19:23+00:00","breadcrumb":{"@id":"https:\/\/ndermjetesimi.com\/bordi\/#breadcrumb"},"inLanguage":"sr-RS","potentialAction":[{"@type":"ReadAction","target":["https:\/\/ndermjetesimi.com\/bordi\/"]}]},{"@type":"BreadcrumbList","@id":"https:\/\/ndermjetesimi.com\/bordi\/#breadcrumb","itemListElement":[{"@type":"ListItem","position":1,"name":"Home","item":"https:\/\/ndermjetesimi.com\/"},{"@type":"ListItem","position":2,"name":"Bordi"}]},{"@type":"WebSite","@id":"https:\/\/ndermjetesimi.com\/#website","url":"https:\/\/ndermjetesimi.com\/","name":"Oda e Nd\u00ebrmjet\u00ebsuesve t\u00eb Kosov\u00ebs","description":"","publisher":{"@id":"https:\/\/ndermjetesimi.com\/#organization"},"potentialAction":[{"@type":"SearchAction","target":{"@type":"EntryPoint","urlTemplate":"https:\/\/ndermjetesimi.com\/?s={search_term_string}"},"query-input":"required name=search_term_string"}],"inLanguage":"sr-RS"},{"@type":"Organization","@id":"https:\/\/ndermjetesimi.com\/#organization","name":"Oda e Nd\u00ebrmjet\u00ebsuesve t\u00eb Kosov\u00ebs","url":"https:\/\/ndermjetesimi.com\/","logo":{"@type":"ImageObject","inLanguage":"sr-RS","@id":"https:\/\/ndermjetesimi.com\/#\/schema\/logo\/image\/","url":"https:\/\/ndermjetesimi.com\/wp-content\/uploads\/2022\/08\/cropped-Oda-form.png","contentUrl":"https:\/\/ndermjetesimi.com\/wp-content\/uploads\/2022\/08\/cropped-Oda-form.png","width":1676,"height":404,"caption":"Oda e Nd\u00ebrmjet\u00ebsuesve t\u00eb Kosov\u00ebs"},"image":{"@id":"https:\/\/ndermjetesimi.com\/#\/schema\/logo\/image\/"},"sameAs":["https:\/\/www.facebook.com\/profile.php?id=100070871208708"]}]}},"_links":{"self":[{"href":"https:\/\/ndermjetesimi.com\/sr\/wp-json\/wp\/v2\/pages\/118"}],"collection":[{"href":"https:\/\/ndermjetesimi.com\/sr\/wp-json\/wp\/v2\/pages"}],"about":[{"href":"https:\/\/ndermjetesimi.com\/sr\/wp-json\/wp\/v2\/types\/page"}],"author":[{"embeddable":true,"href":"https:\/\/ndermjetesimi.com\/sr\/wp-json\/wp\/v2\/users\/1"}],"replies":[{"embeddable":true,"href":"https:\/\/ndermjetesimi.com\/sr\/wp-json\/wp\/v2\/comments?post=118"}],"version-history":[{"count":31,"href":"https:\/\/ndermjetesimi.com\/sr\/wp-json\/wp\/v2\/pages\/118\/revisions"}],"predecessor-version":[{"id":2851,"href":"https:\/\/ndermjetesimi.com\/sr\/wp-json\/wp\/v2\/pages\/118\/revisions\/2851"}],"wp:attachment":[{"href":"https:\/\/ndermjetesimi.com\/sr\/wp-json\/wp\/v2\/media?parent=118"}],"curies":[{"name":"wp","href":"https:\/\/api.w.org\/{rel}","templated":true}]}}