{"id":116,"date":"2022-08-07T16:29:36","date_gmt":"2022-08-07T16:29:36","guid":{"rendered":"https:\/\/ndermjetesimi.com\/?page_id=116"},"modified":"2022-11-13T19:10:13","modified_gmt":"2022-11-13T19:10:13","slug":"kuvendi","status":"publish","type":"page","link":"https:\/\/ndermjetesimi.com\/sr\/kuvendi\/","title":{"rendered":"Skup\u0161tina"},"content":{"rendered":"<div data-elementor-type=\"wp-page\" data-elementor-id=\"116\" class=\"elementor elementor-116\" data-elementor-settings=\"[]\">\n\t\t\t\t\t\t\t<div class=\"elementor-section-wrap\">\n\t\t\t\t\t\t\t<section class=\"elementor-section elementor-top-section elementor-element elementor-element-1262625b elementor-section-boxed elementor-section-height-default elementor-section-height-default\" data-id=\"1262625b\" data-element_type=\"section\" data-settings=\"{&quot;background_background&quot;:&quot;classic&quot;}\">\n\t\t\t\t\t\t\t<div class=\"elementor-background-overlay\"><\/div>\n\t\t\t\t\t\t\t<div class=\"elementor-container elementor-column-gap-default\">\n\t\t\t\t\t<div class=\"elementor-column elementor-col-100 elementor-top-column elementor-element elementor-element-32d307a4\" data-id=\"32d307a4\" data-element_type=\"column\">\n\t\t\t<div class=\"elementor-widget-wrap elementor-element-populated\">\n\t\t\t\t\t\t\t\t<div class=\"elementor-element elementor-element-a95fee3 elementor-widget elementor-widget-heading\" data-id=\"a95fee3\" data-element_type=\"widget\" data-widget_type=\"heading.default\">\n\t\t\t\t<div class=\"elementor-widget-container\">\n\t\t\t<h1 class=\"elementor-heading-title elementor-size-default\">Skup\u0161tina<\/h1>\t\t<\/div>\n\t\t\t\t<\/div>\n\t\t\t\t\t<\/div>\n\t\t<\/div>\n\t\t\t\t\t\t\t<\/div>\n\t\t<\/section>\n\t\t\t\t<section class=\"elementor-section elementor-top-section elementor-element elementor-element-6e66091f elementor-reverse-tablet elementor-reverse-mobile elementor-section-boxed elementor-section-height-default elementor-section-height-default\" data-id=\"6e66091f\" data-element_type=\"section\">\n\t\t\t\t\t\t<div class=\"elementor-container elementor-column-gap-default\">\n\t\t\t\t\t<div class=\"elementor-column elementor-col-100 elementor-top-column elementor-element elementor-element-75e58958\" data-id=\"75e58958\" data-element_type=\"column\">\n\t\t\t<div class=\"elementor-widget-wrap elementor-element-populated\">\n\t\t\t\t\t\t\t\t<div class=\"elementor-element elementor-element-15fa09ed elementor-widget elementor-widget-heading\" data-id=\"15fa09ed\" data-element_type=\"widget\" data-widget_type=\"heading.default\">\n\t\t\t\t<div class=\"elementor-widget-container\">\n\t\t\t<h4 class=\"elementor-heading-title elementor-size-default\">SKUP\u0160TINA POSREDNI\u010cKE KOMORE KOSOVA<\/h4>\t\t<\/div>\n\t\t\t\t<\/div>\n\t\t\t\t<div class=\"elementor-element elementor-element-48859c94 elementor-widget elementor-widget-text-editor\" data-id=\"48859c94\" data-element_type=\"widget\" data-widget_type=\"text-editor.default\">\n\t\t\t\t<div class=\"elementor-widget-container\">\n\t\t\t\t\t\t\t<p>Glavna skup\u0161tina je najvi\u0161i organ Komore. Sastoji se od svih medijatora registrovanih u Komori. Skup\u0161tina ima najvec\u0301u odgovornost za politiku i finansijske poslove Komore.<\/p><p>U nadle\u017enosti Skup\u0161tine spadaju:<\/p><ul><li>Usvajanje statuta Komore i uno\u0161enje izmena i dopuna;<\/li><li>Izbor i razre\u0161enje \u010dlanova Upravnog odbora i predsednika Komore;<\/li><li>Odlu\u010divanje o visini \u010dlanarine i na\u010dinu njene uplate, kao i o isklju\u010denju \u010dlanova Komore;<\/li><li>Odobravanje bud\u017eeta Komore;<\/li><li>Usvajanje izve\u0161taja i finansijskih izve\u0161taja;<\/li><li>Usvajanje godi\u0161njeg izve\u0161taja Komore za prethodnu godinu kao i godi\u0161njeg plana za narednu godinu;<\/li><li>Odabir eksternog revizora;<\/li><li>Usvajanje pravilnika Skup\u0161tine o radu;<\/li><li>Usvaja druge slu\u017ebene izve\u0161taje Upravnog odbora i predsednika Komore;<\/li><li>Preno\u0161enje svih ovla\u0161c\u0301enja na Upravni odbor vec\u0301inom glasova njegovih \u010dlanova, osim ovla\u0161c\u0301enja koja se po zakonu i statutu ne mogu preneti na drugi organ osim Skup\u0161tine;<\/li><li>Odlu\u010divanje o drugim pitanjima, po statutu Komore;<\/li><li>Razmatranje svih pitanja u vezi sa sprovo\u0111enjem postupka medijacije i polo\u017eaja medijatora;<\/li><li>Rasprava i dono\u0161enje odluka i mi\u0161ljenja o napretku rada Komore, saradnji i \u010dlanstvu u drugim domac\u0301im i me\u0111unarodnim institucijama i udru\u017eenjima;<\/li><li>Razmatranje, davanje mi\u0161ljenja i utvr\u0111ivanje politike o svim pitanjima iz delokruga drugih organa Komore;<\/li><li>Odluku o zatvaranju Komore u skladu sa zakonom.<\/li><\/ul>\t\t\t\t\t\t<\/div>\n\t\t\t\t<\/div>\n\t\t\t\t\t<\/div>\n\t\t<\/div>\n\t\t\t\t\t\t\t<\/div>\n\t\t<\/section>\n\t\t\t\t\t\t<\/div>\n\t\t\t\t\t<\/div>","protected":false},"excerpt":{"rendered":"<p>Kuvendi KUVENDI I OD\u00cbS S\u00cb ND\u00cbRMJET\u00cbSUESVE T\u00cb KOSOV\u00cbS Kuvendi i P\u00ebrgjithsh\u00ebm \u00ebsht\u00eb organi m\u00eb i lart\u00eb i ONDK-s\u00eb ku b\u00ebjn\u00eb pjes\u00eb t\u00eb gjith\u00eb nd\u00ebrmjet\u00ebsuesit\/et e an\u00ebtar\u00ebsuar n\u00eb ONDK. Kuvendi ka p\u00ebrgjegj\u00ebsin\u00eb m\u00eb t\u00eb lart\u00eb p\u00ebr politik\u00ebn dhe \u00e7\u00ebshtjet financiare t\u00eb ONDK-s\u00eb. N\u00eb kompetencat e Kuvendit hyn\u00eb: Nxjerrja e Statutit t\u00eb ONDK, ndryshimet dhe plot\u00ebsimet e &hellip;<\/p>\n<p class=\"read-more\"> <a class=\"\" href=\"https:\/\/ndermjetesimi.com\/sr\/kuvendi\/\"> <span class=\"screen-reader-text\">Skup\u0161tina<\/span> \u041f\u0440\u043e\u0447\u0438\u0442\u0430\u0458 \u0432\u0438\u0448\u0435 &raquo;<\/a><\/p>","protected":false},"author":1,"featured_media":0,"parent":0,"menu_order":0,"comment_status":"closed","ping_status":"closed","template":"","meta":{"_mi_skip_tracking":false,"site-sidebar-layout":"no-sidebar","site-content-layout":"page-builder","ast-global-header-display":"disabled","ast-main-header-display":"","ast-hfb-above-header-display":"","ast-hfb-below-header-display":"","ast-hfb-mobile-header-display":"","site-post-title":"disabled","ast-breadcrumbs-content":"","ast-featured-img":"disabled","footer-sml-layout":"disabled","theme-transparent-header-meta":"","adv-header-id-meta":"","stick-header-meta":"","header-above-stick-meta":"","header-main-stick-meta":"","header-below-stick-meta":"","footnotes":""},"class_list":["post-116","page","type-page","status-publish","hentry"],"yoast_head":"<!-- This site is optimized with the Yoast SEO plugin v21.3 - https:\/\/yoast.com\/wordpress\/plugins\/seo\/ -->\n<title>Kuvendi - Oda e Nd\u00ebrmjet\u00ebsuesve t\u00eb Kosov\u00ebs<\/title>\n<meta name=\"robots\" content=\"index, follow, max-snippet:-1, max-image-preview:large, max-video-preview:-1\" \/>\n<link rel=\"canonical\" href=\"https:\/\/ndermjetesimi.com\/sr\/kuvendi\/\" \/>\n<meta property=\"og:locale\" content=\"sr_RS\" \/>\n<meta property=\"og:type\" content=\"article\" \/>\n<meta property=\"og:title\" content=\"Kuvendi - Oda e Nd\u00ebrmjet\u00ebsuesve t\u00eb Kosov\u00ebs\" \/>\n<meta property=\"og:description\" content=\"Kuvendi KUVENDI I OD\u00cbS S\u00cb ND\u00cbRMJET\u00cbSUESVE T\u00cb KOSOV\u00cbS Kuvendi i P\u00ebrgjithsh\u00ebm \u00ebsht\u00eb organi m\u00eb i lart\u00eb i ONDK-s\u00eb ku b\u00ebjn\u00eb pjes\u00eb t\u00eb gjith\u00eb nd\u00ebrmjet\u00ebsuesit\/et e an\u00ebtar\u00ebsuar n\u00eb ONDK. Kuvendi ka p\u00ebrgjegj\u00ebsin\u00eb m\u00eb t\u00eb lart\u00eb p\u00ebr politik\u00ebn dhe \u00e7\u00ebshtjet financiare t\u00eb ONDK-s\u00eb. N\u00eb kompetencat e Kuvendit hyn\u00eb: Nxjerrja e Statutit t\u00eb ONDK, ndryshimet dhe plot\u00ebsimet e &hellip; Kuvendi \u041f\u0440\u043e\u0447\u0438\u0442\u0430\u0458 \u0432\u0438\u0448\u0435 &raquo;\" \/>\n<meta property=\"og:url\" content=\"https:\/\/ndermjetesimi.com\/sr\/kuvendi\/\" \/>\n<meta property=\"og:site_name\" content=\"Oda e Nd\u00ebrmjet\u00ebsuesve t\u00eb Kosov\u00ebs\" \/>\n<meta property=\"article:publisher\" content=\"https:\/\/www.facebook.com\/profile.php?id=100070871208708\" \/>\n<meta property=\"article:modified_time\" content=\"2022-11-13T19:10:13+00:00\" \/>\n<meta name=\"twitter:card\" content=\"summary_large_image\" \/>\n<meta name=\"twitter:label1\" content=\"\u041f\u0440\u043e\u0446\u0435\u045a\u0435\u043d\u043e \u0432\u0440\u0435\u043c\u0435 \u0447\u0438\u0442\u0430\u045a\u0430\" \/>\n\t<meta name=\"twitter:data1\" content=\"2 \u043c\u0438\u043d\u0443\u0442\u0430\" \/>\n<script type=\"application\/ld+json\" class=\"yoast-schema-graph\">{\"@context\":\"https:\/\/schema.org\",\"@graph\":[{\"@type\":\"WebPage\",\"@id\":\"https:\/\/ndermjetesimi.com\/kuvendi\/\",\"url\":\"https:\/\/ndermjetesimi.com\/kuvendi\/\",\"name\":\"Kuvendi - Oda e Nd\u00ebrmjet\u00ebsuesve t\u00eb Kosov\u00ebs\",\"isPartOf\":{\"@id\":\"https:\/\/ndermjetesimi.com\/#website\"},\"datePublished\":\"2022-08-07T16:29:36+00:00\",\"dateModified\":\"2022-11-13T19:10:13+00:00\",\"breadcrumb\":{\"@id\":\"https:\/\/ndermjetesimi.com\/kuvendi\/#breadcrumb\"},\"inLanguage\":\"sr-RS\",\"potentialAction\":[{\"@type\":\"ReadAction\",\"target\":[\"https:\/\/ndermjetesimi.com\/kuvendi\/\"]}]},{\"@type\":\"BreadcrumbList\",\"@id\":\"https:\/\/ndermjetesimi.com\/kuvendi\/#breadcrumb\",\"itemListElement\":[{\"@type\":\"ListItem\",\"position\":1,\"name\":\"Home\",\"item\":\"https:\/\/ndermjetesimi.com\/\"},{\"@type\":\"ListItem\",\"position\":2,\"name\":\"Kuvendi\"}]},{\"@type\":\"WebSite\",\"@id\":\"https:\/\/ndermjetesimi.com\/#website\",\"url\":\"https:\/\/ndermjetesimi.com\/\",\"name\":\"Oda e Nd\u00ebrmjet\u00ebsuesve t\u00eb Kosov\u00ebs\",\"description\":\"\",\"publisher\":{\"@id\":\"https:\/\/ndermjetesimi.com\/#organization\"},\"potentialAction\":[{\"@type\":\"SearchAction\",\"target\":{\"@type\":\"EntryPoint\",\"urlTemplate\":\"https:\/\/ndermjetesimi.com\/?s={search_term_string}\"},\"query-input\":\"required name=search_term_string\"}],\"inLanguage\":\"sr-RS\"},{\"@type\":\"Organization\",\"@id\":\"https:\/\/ndermjetesimi.com\/#organization\",\"name\":\"Oda e Nd\u00ebrmjet\u00ebsuesve t\u00eb Kosov\u00ebs\",\"url\":\"https:\/\/ndermjetesimi.com\/\",\"logo\":{\"@type\":\"ImageObject\",\"inLanguage\":\"sr-RS\",\"@id\":\"https:\/\/ndermjetesimi.com\/#\/schema\/logo\/image\/\",\"url\":\"https:\/\/ndermjetesimi.com\/wp-content\/uploads\/2022\/08\/cropped-Oda-form.png\",\"contentUrl\":\"https:\/\/ndermjetesimi.com\/wp-content\/uploads\/2022\/08\/cropped-Oda-form.png\",\"width\":1676,\"height\":404,\"caption\":\"Oda e Nd\u00ebrmjet\u00ebsuesve t\u00eb Kosov\u00ebs\"},\"image\":{\"@id\":\"https:\/\/ndermjetesimi.com\/#\/schema\/logo\/image\/\"},\"sameAs\":[\"https:\/\/www.facebook.com\/profile.php?id=100070871208708\"]}]}<\/script>\n<!-- \/ Yoast SEO plugin. -->","yoast_head_json":{"title":"Kuvendi - Oda e Nd\u00ebrmjet\u00ebsuesve t\u00eb Kosov\u00ebs","robots":{"index":"index","follow":"follow","max-snippet":"max-snippet:-1","max-image-preview":"max-image-preview:large","max-video-preview":"max-video-preview:-1"},"canonical":"https:\/\/ndermjetesimi.com\/sr\/kuvendi\/","og_locale":"sr_RS","og_type":"article","og_title":"Kuvendi - Oda e Nd\u00ebrmjet\u00ebsuesve t\u00eb Kosov\u00ebs","og_description":"Kuvendi KUVENDI I OD\u00cbS S\u00cb ND\u00cbRMJET\u00cbSUESVE T\u00cb KOSOV\u00cbS Kuvendi i P\u00ebrgjithsh\u00ebm \u00ebsht\u00eb organi m\u00eb i lart\u00eb i ONDK-s\u00eb ku b\u00ebjn\u00eb pjes\u00eb t\u00eb gjith\u00eb nd\u00ebrmjet\u00ebsuesit\/et e an\u00ebtar\u00ebsuar n\u00eb ONDK. Kuvendi ka p\u00ebrgjegj\u00ebsin\u00eb m\u00eb t\u00eb lart\u00eb p\u00ebr politik\u00ebn dhe \u00e7\u00ebshtjet financiare t\u00eb ONDK-s\u00eb. N\u00eb kompetencat e Kuvendit hyn\u00eb: Nxjerrja e Statutit t\u00eb ONDK, ndryshimet dhe plot\u00ebsimet e &hellip; Kuvendi \u041f\u0440\u043e\u0447\u0438\u0442\u0430\u0458 \u0432\u0438\u0448\u0435 &raquo;","og_url":"https:\/\/ndermjetesimi.com\/sr\/kuvendi\/","og_site_name":"Oda e Nd\u00ebrmjet\u00ebsuesve t\u00eb Kosov\u00ebs","article_publisher":"https:\/\/www.facebook.com\/profile.php?id=100070871208708","article_modified_time":"2022-11-13T19:10:13+00:00","twitter_card":"summary_large_image","twitter_misc":{"\u041f\u0440\u043e\u0446\u0435\u045a\u0435\u043d\u043e \u0432\u0440\u0435\u043c\u0435 \u0447\u0438\u0442\u0430\u045a\u0430":"2 \u043c\u0438\u043d\u0443\u0442\u0430"},"schema":{"@context":"https:\/\/schema.org","@graph":[{"@type":"WebPage","@id":"https:\/\/ndermjetesimi.com\/kuvendi\/","url":"https:\/\/ndermjetesimi.com\/kuvendi\/","name":"Kuvendi - Oda e Nd\u00ebrmjet\u00ebsuesve t\u00eb Kosov\u00ebs","isPartOf":{"@id":"https:\/\/ndermjetesimi.com\/#website"},"datePublished":"2022-08-07T16:29:36+00:00","dateModified":"2022-11-13T19:10:13+00:00","breadcrumb":{"@id":"https:\/\/ndermjetesimi.com\/kuvendi\/#breadcrumb"},"inLanguage":"sr-RS","potentialAction":[{"@type":"ReadAction","target":["https:\/\/ndermjetesimi.com\/kuvendi\/"]}]},{"@type":"BreadcrumbList","@id":"https:\/\/ndermjetesimi.com\/kuvendi\/#breadcrumb","itemListElement":[{"@type":"ListItem","position":1,"name":"Home","item":"https:\/\/ndermjetesimi.com\/"},{"@type":"ListItem","position":2,"name":"Kuvendi"}]},{"@type":"WebSite","@id":"https:\/\/ndermjetesimi.com\/#website","url":"https:\/\/ndermjetesimi.com\/","name":"Oda e Nd\u00ebrmjet\u00ebsuesve t\u00eb Kosov\u00ebs","description":"","publisher":{"@id":"https:\/\/ndermjetesimi.com\/#organization"},"potentialAction":[{"@type":"SearchAction","target":{"@type":"EntryPoint","urlTemplate":"https:\/\/ndermjetesimi.com\/?s={search_term_string}"},"query-input":"required name=search_term_string"}],"inLanguage":"sr-RS"},{"@type":"Organization","@id":"https:\/\/ndermjetesimi.com\/#organization","name":"Oda e Nd\u00ebrmjet\u00ebsuesve t\u00eb Kosov\u00ebs","url":"https:\/\/ndermjetesimi.com\/","logo":{"@type":"ImageObject","inLanguage":"sr-RS","@id":"https:\/\/ndermjetesimi.com\/#\/schema\/logo\/image\/","url":"https:\/\/ndermjetesimi.com\/wp-content\/uploads\/2022\/08\/cropped-Oda-form.png","contentUrl":"https:\/\/ndermjetesimi.com\/wp-content\/uploads\/2022\/08\/cropped-Oda-form.png","width":1676,"height":404,"caption":"Oda e Nd\u00ebrmjet\u00ebsuesve t\u00eb Kosov\u00ebs"},"image":{"@id":"https:\/\/ndermjetesimi.com\/#\/schema\/logo\/image\/"},"sameAs":["https:\/\/www.facebook.com\/profile.php?id=100070871208708"]}]}},"_links":{"self":[{"href":"https:\/\/ndermjetesimi.com\/sr\/wp-json\/wp\/v2\/pages\/116"}],"collection":[{"href":"https:\/\/ndermjetesimi.com\/sr\/wp-json\/wp\/v2\/pages"}],"about":[{"href":"https:\/\/ndermjetesimi.com\/sr\/wp-json\/wp\/v2\/types\/page"}],"author":[{"embeddable":true,"href":"https:\/\/ndermjetesimi.com\/sr\/wp-json\/wp\/v2\/users\/1"}],"replies":[{"embeddable":true,"href":"https:\/\/ndermjetesimi.com\/sr\/wp-json\/wp\/v2\/comments?post=116"}],"version-history":[{"count":16,"href":"https:\/\/ndermjetesimi.com\/sr\/wp-json\/wp\/v2\/pages\/116\/revisions"}],"predecessor-version":[{"id":1497,"href":"https:\/\/ndermjetesimi.com\/sr\/wp-json\/wp\/v2\/pages\/116\/revisions\/1497"}],"wp:attachment":[{"href":"https:\/\/ndermjetesimi.com\/sr\/wp-json\/wp\/v2\/media?parent=116"}],"curies":[{"name":"wp","href":"https:\/\/api.w.org\/{rel}","templated":true}]}}