{"id":112,"date":"2022-08-07T16:28:59","date_gmt":"2022-08-07T16:28:59","guid":{"rendered":"https:\/\/ndermjetesimi.com\/?page_id=112"},"modified":"2024-09-15T22:16:28","modified_gmt":"2024-09-15T20:16:28","slug":"kontakti","status":"publish","type":"page","link":"https:\/\/ndermjetesimi.com\/sr\/kontakti\/","title":{"rendered":"Kontakt"},"content":{"rendered":"<div data-elementor-type=\"wp-page\" data-elementor-id=\"112\" class=\"elementor elementor-112\" data-elementor-settings=\"[]\">\n\t\t\t\t\t\t\t<div class=\"elementor-section-wrap\">\n\t\t\t\t\t\t\t<section class=\"elementor-section elementor-top-section elementor-element elementor-element-1ac2ac3 elementor-section-boxed elementor-section-height-default elementor-section-height-default\" data-id=\"1ac2ac3\" data-element_type=\"section\" data-settings=\"{&quot;background_background&quot;:&quot;classic&quot;}\">\n\t\t\t\t\t\t\t<div class=\"elementor-background-overlay\"><\/div>\n\t\t\t\t\t\t\t<div class=\"elementor-container elementor-column-gap-default\">\n\t\t\t\t\t<div class=\"elementor-column elementor-col-100 elementor-top-column elementor-element elementor-element-2499265\" data-id=\"2499265\" data-element_type=\"column\">\n\t\t\t<div class=\"elementor-widget-wrap elementor-element-populated\">\n\t\t\t\t\t\t\t\t<div class=\"elementor-element elementor-element-3cf3b2a5 elementor-widget elementor-widget-heading\" data-id=\"3cf3b2a5\" data-element_type=\"widget\" data-widget_type=\"heading.default\">\n\t\t\t\t<div class=\"elementor-widget-container\">\n\t\t\t<h1 class=\"elementor-heading-title elementor-size-default\">Kontakt<\/h1>\t\t<\/div>\n\t\t\t\t<\/div>\n\t\t\t\t\t<\/div>\n\t\t<\/div>\n\t\t\t\t\t\t\t<\/div>\n\t\t<\/section>\n\t\t\t\t<section class=\"elementor-section elementor-top-section elementor-element elementor-element-46dbdbfa elementor-section-content-middle elementor-section-boxed elementor-section-height-default elementor-section-height-default\" data-id=\"46dbdbfa\" data-element_type=\"section\">\n\t\t\t\t\t\t<div class=\"elementor-container elementor-column-gap-default\">\n\t\t\t\t\t<div class=\"elementor-column elementor-col-50 elementor-top-column elementor-element elementor-element-75bb45a4\" data-id=\"75bb45a4\" data-element_type=\"column\">\n\t\t\t<div class=\"elementor-widget-wrap elementor-element-populated\">\n\t\t\t\t\t\t\t\t<div class=\"elementor-element elementor-element-48218dfb elementor-widget elementor-widget-heading\" data-id=\"48218dfb\" data-element_type=\"widget\" data-widget_type=\"heading.default\">\n\t\t\t\t<div class=\"elementor-widget-container\">\n\t\t\t<h6 class=\"elementor-heading-title elementor-size-default\">Ostanimo u kontaktu<\/h6>\t\t<\/div>\n\t\t\t\t<\/div>\n\t\t\t\t<div class=\"elementor-element elementor-element-c4629 elementor-widget elementor-widget-heading\" data-id=\"c4629\" data-element_type=\"widget\" data-widget_type=\"heading.default\">\n\t\t\t\t<div class=\"elementor-widget-container\">\n\t\t\t<h2 class=\"elementor-heading-title elementor-size-default\">Da li vam treba vi\u0161e informacija o nama?<\/h2>\t\t<\/div>\n\t\t\t\t<\/div>\n\t\t\t\t<div class=\"elementor-element elementor-element-6a316e80 elementor-widget elementor-widget-text-editor\" data-id=\"6a316e80\" data-element_type=\"widget\" data-widget_type=\"text-editor.default\">\n\t\t\t\t<div class=\"elementor-widget-container\">\n\t\t\t\t\t\t\t<p>Rr. &#8221;Ali Aliu Kelmendi&#8221;,IB.1K-8 nr.59 Mati 1 , Rruga C &#8211;\u00a0 10000 Prishtin\u00eb,Kosov\u00eb\u00a0<\/p>\t\t\t\t\t\t<\/div>\n\t\t\t\t<\/div>\n\t\t\t\t<section class=\"elementor-section elementor-inner-section elementor-element elementor-element-196bc227 elementor-section-boxed elementor-section-height-default elementor-section-height-default\" data-id=\"196bc227\" data-element_type=\"section\">\n\t\t\t\t\t\t<div class=\"elementor-container elementor-column-gap-default\">\n\t\t\t\t\t<div class=\"elementor-column elementor-col-50 elementor-inner-column elementor-element elementor-element-36b9addb\" data-id=\"36b9addb\" data-element_type=\"column\">\n\t\t\t<div class=\"elementor-widget-wrap elementor-element-populated\">\n\t\t\t\t\t\t\t\t<div class=\"elementor-element elementor-element-5dffceff ekit-equal-height-disable elementor-widget elementor-widget-elementskit-icon-box\" data-id=\"5dffceff\" data-element_type=\"widget\" data-widget_type=\"elementskit-icon-box.default\">\n\t\t\t\t<div class=\"elementor-widget-container\">\n\t\t\t<div class=\"ekit-wid-con\" >        <!-- link opening -->\n                <!-- end link opening -->\n\n        <div class=\"elementskit-infobox text-left text-left icon-top-align elementor-animation-\">\n                    <div class=\"elementskit-box-header elementor-animation-\">\n                <div class=\"elementskit-info-box-icon\">\n                    <i aria-hidden=\"true\" class=\"elementkit-infobox-icon icon icon-envelope1\"><\/i>\n                <\/div>\n          <\/div>\n                        <div class=\"box-body\">\n                            <h3 class=\"elementskit-info-box-title\">\n                    Email                <\/h3>\n                                            <\/div>\n        \n        \n                <\/div>\n        <\/div>\t\t<\/div>\n\t\t\t\t<\/div>\n\t\t\t\t<div class=\"elementor-element elementor-element-52eb4d9 elementor-icon-list--layout-traditional elementor-list-item-link-full_width elementor-widget elementor-widget-icon-list\" data-id=\"52eb4d9\" data-element_type=\"widget\" data-widget_type=\"icon-list.default\">\n\t\t\t\t<div class=\"elementor-widget-container\">\n\t\t\t\t\t<ul class=\"elementor-icon-list-items\">\n\t\t\t\t\t\t\t<li class=\"elementor-icon-list-item\">\n\t\t\t\t\t\t\t\t\t\t\t<a href=\"\">\n\n\t\t\t\t\t\t\t\t\t\t\t\t<span class=\"elementor-icon-list-icon\">\n\t\t\t\t\t\t\t<i aria-hidden=\"true\" class=\"fas fa-envelope\"><\/i>\t\t\t\t\t\t<\/span>\n\t\t\t\t\t\t\t\t\t\t<span class=\"elementor-icon-list-text\">info@ndermjetesimi.com <\/span>\n\t\t\t\t\t\t\t\t\t\t\t<\/a>\n\t\t\t\t\t\t\t\t\t<\/li>\n\t\t\t\t\t\t\t\t<li class=\"elementor-icon-list-item\">\n\t\t\t\t\t\t\t\t\t\t\t<a href=\"\">\n\n\t\t\t\t\t\t\t\t\t\t\t\t<span class=\"elementor-icon-list-icon\">\n\t\t\t\t\t\t\t<i aria-hidden=\"true\" class=\"fas fa-envelope\"><\/i>\t\t\t\t\t\t<\/span>\n\t\t\t\t\t\t\t\t\t\t<span class=\"elementor-icon-list-text\">prishtine@ndermjetesimi.com <\/span>\n\t\t\t\t\t\t\t\t\t\t\t<\/a>\n\t\t\t\t\t\t\t\t\t<\/li>\n\t\t\t\t\t\t\t\t<li class=\"elementor-icon-list-item\">\n\t\t\t\t\t\t\t\t\t\t\t<a href=\"\">\n\n\t\t\t\t\t\t\t\t\t\t\t\t<span class=\"elementor-icon-list-icon\">\n\t\t\t\t\t\t\t<i aria-hidden=\"true\" class=\"fas fa-envelope\"><\/i>\t\t\t\t\t\t<\/span>\n\t\t\t\t\t\t\t\t\t\t<span class=\"elementor-icon-list-text\">mitrovice@ndermjetesimi.com <\/span>\n\t\t\t\t\t\t\t\t\t\t\t<\/a>\n\t\t\t\t\t\t\t\t\t<\/li>\n\t\t\t\t\t\t\t\t<li class=\"elementor-icon-list-item\">\n\t\t\t\t\t\t\t\t\t\t\t<a href=\"\">\n\n\t\t\t\t\t\t\t\t\t\t\t\t<span class=\"elementor-icon-list-icon\">\n\t\t\t\t\t\t\t<i aria-hidden=\"true\" class=\"fas fa-envelope\"><\/i>\t\t\t\t\t\t<\/span>\n\t\t\t\t\t\t\t\t\t\t<span class=\"elementor-icon-list-text\">ferizaj@ndermjetesimi.com <\/span>\n\t\t\t\t\t\t\t\t\t\t\t<\/a>\n\t\t\t\t\t\t\t\t\t<\/li>\n\t\t\t\t\t\t\t\t<li class=\"elementor-icon-list-item\">\n\t\t\t\t\t\t\t\t\t\t\t<a href=\"\">\n\n\t\t\t\t\t\t\t\t\t\t\t\t<span class=\"elementor-icon-list-icon\">\n\t\t\t\t\t\t\t<i aria-hidden=\"true\" class=\"fas fa-envelope\"><\/i>\t\t\t\t\t\t<\/span>\n\t\t\t\t\t\t\t\t\t\t<span class=\"elementor-icon-list-text\">peje@ndermjetesimi.com  <\/span>\n\t\t\t\t\t\t\t\t\t\t\t<\/a>\n\t\t\t\t\t\t\t\t\t<\/li>\n\t\t\t\t\t\t\t\t<li class=\"elementor-icon-list-item\">\n\t\t\t\t\t\t\t\t\t\t\t<a href=\"\">\n\n\t\t\t\t\t\t\t\t\t\t\t\t<span class=\"elementor-icon-list-icon\">\n\t\t\t\t\t\t\t<i aria-hidden=\"true\" class=\"fas fa-envelope\"><\/i>\t\t\t\t\t\t<\/span>\n\t\t\t\t\t\t\t\t\t\t<span class=\"elementor-icon-list-text\">prizren@ndermjetesimi.com <\/span>\n\t\t\t\t\t\t\t\t\t\t\t<\/a>\n\t\t\t\t\t\t\t\t\t<\/li>\n\t\t\t\t\t\t\t\t<li class=\"elementor-icon-list-item\">\n\t\t\t\t\t\t\t\t\t\t\t<a href=\"\">\n\n\t\t\t\t\t\t\t\t\t\t\t\t<span class=\"elementor-icon-list-icon\">\n\t\t\t\t\t\t\t<i aria-hidden=\"true\" class=\"fas fa-envelope\"><\/i>\t\t\t\t\t\t<\/span>\n\t\t\t\t\t\t\t\t\t\t<span class=\"elementor-icon-list-text\">gjakove@ndermjetesimi.com <\/span>\n\t\t\t\t\t\t\t\t\t\t\t<\/a>\n\t\t\t\t\t\t\t\t\t<\/li>\n\t\t\t\t\t\t\t\t<li class=\"elementor-icon-list-item\">\n\t\t\t\t\t\t\t\t\t\t\t<a href=\"\">\n\n\t\t\t\t\t\t\t\t\t\t\t\t<span class=\"elementor-icon-list-icon\">\n\t\t\t\t\t\t\t<i aria-hidden=\"true\" class=\"fas fa-envelope\"><\/i>\t\t\t\t\t\t<\/span>\n\t\t\t\t\t\t\t\t\t\t<span class=\"elementor-icon-list-text\">gjilan@ndermjetesimi.com  <\/span>\n\t\t\t\t\t\t\t\t\t\t\t<\/a>\n\t\t\t\t\t\t\t\t\t<\/li>\n\t\t\t\t\t\t<\/ul>\n\t\t\t\t<\/div>\n\t\t\t\t<\/div>\n\t\t\t\t\t<\/div>\n\t\t<\/div>\n\t\t\t\t<div class=\"elementor-column elementor-col-50 elementor-inner-column elementor-element elementor-element-509545ca\" data-id=\"509545ca\" data-element_type=\"column\">\n\t\t\t<div class=\"elementor-widget-wrap\">\n\t\t\t\t\t\t\t\t\t<\/div>\n\t\t<\/div>\n\t\t\t\t\t\t\t<\/div>\n\t\t<\/section>\n\t\t\t\t<div class=\"elementor-element elementor-element-7da09193 elementor-widget elementor-widget-heading\" data-id=\"7da09193\" data-element_type=\"widget\" data-widget_type=\"heading.default\">\n\t\t\t\t<div class=\"elementor-widget-container\">\n\t\t\t<h4 class=\"elementor-heading-title elementor-size-default\">Dru\u0161tvene mre\u017ee<\/h4>\t\t<\/div>\n\t\t\t\t<\/div>\n\t\t\t\t<div class=\"elementor-element elementor-element-29d7ff81 elementor-shape-square elementor-grid-0 elementor-widget elementor-widget-social-icons\" data-id=\"29d7ff81\" data-element_type=\"widget\" data-widget_type=\"social-icons.default\">\n\t\t\t\t<div class=\"elementor-widget-container\">\n\t\t\t\t\t<div class=\"elementor-social-icons-wrapper elementor-grid\">\n\t\t\t\t\t\t\t<span class=\"elementor-grid-item\">\n\t\t\t\t\t<a class=\"elementor-icon elementor-social-icon elementor-social-icon-facebook elementor-animation-float elementor-repeater-item-5f56d68\" href=\"https:\/\/www.facebook.com\/profile.php?id=100070871208708\" target=\"_blank\">\n\t\t\t\t\t\t<span class=\"elementor-screen-only\">Facebook<\/span>\n\t\t\t\t\t\t<i class=\"fab fa-facebook\"><\/i>\t\t\t\t\t<\/a>\n\t\t\t\t<\/span>\n\t\t\t\t\t<\/div>\n\t\t\t\t<\/div>\n\t\t\t\t<\/div>\n\t\t\t\t\t<\/div>\n\t\t<\/div>\n\t\t\t\t<div class=\"elementor-column elementor-col-50 elementor-top-column elementor-element elementor-element-4c51f3d8\" data-id=\"4c51f3d8\" data-element_type=\"column\" data-settings=\"{&quot;background_background&quot;:&quot;classic&quot;}\">\n\t\t\t<div class=\"elementor-widget-wrap elementor-element-populated\">\n\t\t\t\t\t\t\t\t<div class=\"elementor-element elementor-element-380c83e2 elementor-widget elementor-widget-heading\" data-id=\"380c83e2\" data-element_type=\"widget\" data-widget_type=\"heading.default\">\n\t\t\t\t<div class=\"elementor-widget-container\">\n\t\t\t<h6 class=\"elementor-heading-title elementor-size-default\">Pi\u0161ite nam<\/h6>\t\t<\/div>\n\t\t\t\t<\/div>\n\t\t\t\t<div class=\"elementor-element elementor-element-6b8de355 elementor-widget elementor-widget-heading\" data-id=\"6b8de355\" data-element_type=\"widget\" data-widget_type=\"heading.default\">\n\t\t\t\t<div class=\"elementor-widget-container\">\n\t\t\t<h2 class=\"elementor-heading-title elementor-size-default\">Ne oklevajte da nas kontaktirate.<\/h2>\t\t<\/div>\n\t\t\t\t<\/div>\n\t\t\t\t<div class=\"elementor-element elementor-element-f0e404e elementor-button-align-stretch elementor-widget elementor-widget-form\" data-id=\"f0e404e\" data-element_type=\"widget\" data-settings=\"{&quot;step_next_label&quot;:&quot;Next&quot;,&quot;step_previous_label&quot;:&quot;Previous&quot;,&quot;button_width&quot;:&quot;100&quot;,&quot;step_type&quot;:&quot;number_text&quot;,&quot;step_icon_shape&quot;:&quot;circle&quot;}\" data-widget_type=\"form.default\">\n\t\t\t\t<div class=\"elementor-widget-container\">\n\t\t\t\t\t<form class=\"elementor-form\" method=\"post\" name=\"New Form\" action=\"\">\n\t\t\t<input type=\"hidden\" name=\"post_id\" value=\"112\"\/>\n\t\t\t<input type=\"hidden\" name=\"form_id\" value=\"f0e404e\"\/>\n\t\t\t<input type=\"hidden\" name=\"referer_title\" value=\"Oda e Nd\u00ebrmjet\u00ebsuesve t\u00eb Kosov\u00ebs\" \/>\n\n\t\t\t\n\t\t\t<div class=\"elementor-form-fields-wrapper elementor-labels-above\">\n\t\t\t\t\t\t\t\t<div class=\"elementor-field-type-text elementor-field-group elementor-column elementor-field-group-name elementor-col-100\">\n\t\t\t\t\t<label for=\"form-field-name\" class=\"elementor-field-label\">Ime i prezime<\/label><input size=\"1\" type=\"text\" name=\"form_fields[name]\" id=\"form-field-name\" class=\"elementor-field elementor-size-sm  elementor-field-textual\" placeholder=\"Ime i prezime\">\t\t\t\t<\/div>\n\t\t\t\t\t\t\t\t<div class=\"elementor-field-type-email elementor-field-group elementor-column elementor-field-group-email elementor-col-100 elementor-field-required\">\n\t\t\t\t\t<label for=\"form-field-email\" class=\"elementor-field-label\">Email<\/label><input size=\"1\" type=\"email\" name=\"form_fields[email]\" id=\"form-field-email\" class=\"elementor-field elementor-size-sm  elementor-field-textual\" placeholder=\"Email\" required=\"required\" aria-required=\"true\">\t\t\t\t<\/div>\n\t\t\t\t\t\t\t\t<div class=\"elementor-field-type-number elementor-field-group elementor-column elementor-field-group-field_7909131 elementor-col-100 elementor-field-required\">\n\t\t\t\t\t<label for=\"form-field-field_7909131\" class=\"elementor-field-label\">Broj telefona<\/label><input type=\"number\" name=\"form_fields[field_7909131]\" id=\"form-field-field_7909131\" class=\"elementor-field elementor-size-sm  elementor-field-textual\" placeholder=\"Broj telefona\" required=\"required\" aria-required=\"true\" min=\"\" max=\"\">\t\t\t\t<\/div>\n\t\t\t\t\t\t\t\t<div class=\"elementor-field-type-textarea elementor-field-group elementor-column elementor-field-group-message elementor-col-100\">\n\t\t\t\t\t<label for=\"form-field-message\" class=\"elementor-field-label\">Poruka<\/label><textarea class=\"elementor-field-textual elementor-field  elementor-size-sm\" name=\"form_fields[message]\" id=\"form-field-message\" rows=\"4\" placeholder=\"Poruka\"><\/textarea>\t\t\t\t<\/div>\n\t\t\t\t\t\t\t\t<div class=\"elementor-field-type-recaptcha_v3 elementor-field-group elementor-column elementor-field-group-field_bc1a90a elementor-col-100 recaptcha_v3-inline\">\n\t\t\t\t\t<div class=\"elementor-field\" id=\"form-field-field_bc1a90a\"><div class=\"elementor-g-recaptcha\" data-sitekey=\"6Lf7HBQkAAAAAKd4BIAV6OuiRXBKbDlZ0QOLNvem\" data-type=\"v3\" data-action=\"Form\" data-badge=\"inline\" data-size=\"invisible\"><\/div><\/div>\t\t\t\t<\/div>\n\t\t\t\t\t\t\t\t<div class=\"elementor-field-group elementor-column elementor-field-type-submit elementor-col-100 e-form__buttons\">\n\t\t\t\t\t<button type=\"submit\" class=\"elementor-button elementor-size-sm\">\n\t\t\t\t\t\t<span >\n\t\t\t\t\t\t\t\t\t\t\t\t\t\t\t<span class=\"elementor-button-icon\">\n\t\t\t\t\t\t\t\t\t\t\t\t\t\t\t\t\t\t\t\t\t\t\t\t\t\t<\/span>\n\t\t\t\t\t\t\t\t\t\t\t\t\t\t\t\t\t\t\t\t\t\t<span class=\"elementor-button-text\">Po\u0161alji<\/span>\n\t\t\t\t\t\t\t\t\t\t\t\t\t<\/span>\n\t\t\t\t\t<\/button>\n\t\t\t\t<\/div>\n\t\t\t<\/div>\n\t\t<input type=\"hidden\" name=\"trp-form-language\" value=\"sr\"\/><\/form>\n\t\t\t\t<\/div>\n\t\t\t\t<\/div>\n\t\t\t\t\t<\/div>\n\t\t<\/div>\n\t\t\t\t\t\t\t<\/div>\n\t\t<\/section>\n\t\t\t\t<section class=\"elementor-section elementor-top-section elementor-element elementor-element-793762d3 elementor-section-full_width elementor-section-height-default elementor-section-height-default\" data-id=\"793762d3\" data-element_type=\"section\">\n\t\t\t\t\t\t<div class=\"elementor-container elementor-column-gap-no\">\n\t\t\t\t\t<div class=\"elementor-column elementor-col-100 elementor-top-column elementor-element elementor-element-50699ddb\" data-id=\"50699ddb\" data-element_type=\"column\">\n\t\t\t<div class=\"elementor-widget-wrap elementor-element-populated\">\n\t\t\t\t\t\t\t\t<div class=\"elementor-element elementor-element-db4ee4b elementor-widget elementor-widget-google_maps\" data-id=\"db4ee4b\" data-element_type=\"widget\" data-widget_type=\"google_maps.default\">\n\t\t\t\t<div class=\"elementor-widget-container\">\n\t\t\t\t\t<div class=\"elementor-custom-embed\">\n\t\t\t<iframe frameborder=\"0\" scrolling=\"no\" marginheight=\"0\" marginwidth=\"0\"\n\t\t\t\t\tsrc=\"https:\/\/maps.google.com\/maps?q=Kosta%20Novakovi%C4%87%20Prishtin%C3%AB&#038;t=m&#038;z=14&#038;output=embed&#038;iwloc=near\"\n\t\t\t\t\ttitle=\"Kosta Novakovi\u0107 Prishtin\u00eb\"\n\t\t\t\t\taria-label=\"Kosta Novakovi\u0107 Prishtin\u00eb\"\n\t\t\t><\/iframe>\n\t\t<\/div>\n\t\t\t\t<\/div>\n\t\t\t\t<\/div>\n\t\t\t\t\t<\/div>\n\t\t<\/div>\n\t\t\t\t\t\t\t<\/div>\n\t\t<\/section>\n\t\t\t\t\t\t<\/div>\n\t\t\t\t\t<\/div>","protected":false},"excerpt":{"rendered":"<p>Le t\u0451 flasim Keni nevoj\u00eb p\u00ebr m\u00eb shum\u00eb informata rreth nesh? Rr. &#8221;Ali Aliu Kelmendi&#8221;,IB.1K-8 nr.59 Mati 1 , Rruga C &#8211;\u00a0 10000 Prishtin\u00eb,Kosov\u00eb\u00a0 Email info@ndermjetesimi.com prishtine@ndermjetesimi.com mitrovice@ndermjetesimi.com ferizaj@ndermjetesimi.com peje@ndermjetesimi.com prizren@ndermjetesimi.com gjakove@ndermjetesimi.com gjilan@ndermjetesimi.com Rrjetet Sociale Facebook Na d\u00ebrgoni mesazh Mos hezitoni t\u00eb na kontaktoni.<\/p>","protected":false},"author":1,"featured_media":0,"parent":0,"menu_order":0,"comment_status":"closed","ping_status":"closed","template":"","meta":{"_mi_skip_tracking":false,"site-sidebar-layout":"no-sidebar","site-content-layout":"page-builder","ast-global-header-display":"disabled","ast-main-header-display":"","ast-hfb-above-header-display":"","ast-hfb-below-header-display":"","ast-hfb-mobile-header-display":"","site-post-title":"disabled","ast-breadcrumbs-content":"","ast-featured-img":"disabled","footer-sml-layout":"disabled","theme-transparent-header-meta":"","adv-header-id-meta":"","stick-header-meta":"","header-above-stick-meta":"","header-main-stick-meta":"","header-below-stick-meta":"","footnotes":""},"class_list":["post-112","page","type-page","status-publish","hentry"],"yoast_head":"<!-- This site is optimized with the Yoast SEO plugin v21.3 - https:\/\/yoast.com\/wordpress\/plugins\/seo\/ -->\n<title>Kontakti - Oda e Nd\u00ebrmjet\u00ebsuesve t\u00eb Kosov\u00ebs<\/title>\n<meta name=\"robots\" content=\"index, follow, max-snippet:-1, max-image-preview:large, max-video-preview:-1\" \/>\n<link rel=\"canonical\" href=\"https:\/\/ndermjetesimi.com\/sr\/kontakti\/\" \/>\n<meta property=\"og:locale\" content=\"sr_RS\" \/>\n<meta property=\"og:type\" content=\"article\" \/>\n<meta property=\"og:title\" content=\"Kontakti - Oda e Nd\u00ebrmjet\u00ebsuesve t\u00eb Kosov\u00ebs\" \/>\n<meta property=\"og:description\" content=\"Le t\u0451 flasim Keni nevoj\u00eb p\u00ebr m\u00eb shum\u00eb informata rreth nesh? Rr. &#8221;Ali Aliu Kelmendi&#8221;,IB.1K-8 nr.59 Mati 1 , Rruga C &#8211;\u00a0 10000 Prishtin\u00eb,Kosov\u00eb\u00a0 Email info@ndermjetesimi.com prishtine@ndermjetesimi.com mitrovice@ndermjetesimi.com ferizaj@ndermjetesimi.com peje@ndermjetesimi.com prizren@ndermjetesimi.com gjakove@ndermjetesimi.com gjilan@ndermjetesimi.com Rrjetet Sociale Facebook Na d\u00ebrgoni mesazh Mos hezitoni t\u00eb na kontaktoni.\" \/>\n<meta property=\"og:url\" content=\"https:\/\/ndermjetesimi.com\/sr\/kontakti\/\" \/>\n<meta property=\"og:site_name\" content=\"Oda e Nd\u00ebrmjet\u00ebsuesve t\u00eb Kosov\u00ebs\" \/>\n<meta property=\"article:publisher\" content=\"https:\/\/www.facebook.com\/profile.php?id=100070871208708\" \/>\n<meta property=\"article:modified_time\" content=\"2024-09-15T20:16:28+00:00\" \/>\n<meta name=\"twitter:card\" content=\"summary_large_image\" \/>\n<meta name=\"twitter:label1\" content=\"\u041f\u0440\u043e\u0446\u0435\u045a\u0435\u043d\u043e \u0432\u0440\u0435\u043c\u0435 \u0447\u0438\u0442\u0430\u045a\u0430\" \/>\n\t<meta name=\"twitter:data1\" content=\"1 \u043c\u0438\u043d\u0443\u0442\" \/>\n<script type=\"application\/ld+json\" class=\"yoast-schema-graph\">{\"@context\":\"https:\/\/schema.org\",\"@graph\":[{\"@type\":\"WebPage\",\"@id\":\"https:\/\/ndermjetesimi.com\/kontakti\/\",\"url\":\"https:\/\/ndermjetesimi.com\/kontakti\/\",\"name\":\"Kontakti - Oda e Nd\u00ebrmjet\u00ebsuesve t\u00eb Kosov\u00ebs\",\"isPartOf\":{\"@id\":\"https:\/\/ndermjetesimi.com\/#website\"},\"datePublished\":\"2022-08-07T16:28:59+00:00\",\"dateModified\":\"2024-09-15T20:16:28+00:00\",\"breadcrumb\":{\"@id\":\"https:\/\/ndermjetesimi.com\/kontakti\/#breadcrumb\"},\"inLanguage\":\"sr-RS\",\"potentialAction\":[{\"@type\":\"ReadAction\",\"target\":[\"https:\/\/ndermjetesimi.com\/kontakti\/\"]}]},{\"@type\":\"BreadcrumbList\",\"@id\":\"https:\/\/ndermjetesimi.com\/kontakti\/#breadcrumb\",\"itemListElement\":[{\"@type\":\"ListItem\",\"position\":1,\"name\":\"Home\",\"item\":\"https:\/\/ndermjetesimi.com\/\"},{\"@type\":\"ListItem\",\"position\":2,\"name\":\"Kontakti\"}]},{\"@type\":\"WebSite\",\"@id\":\"https:\/\/ndermjetesimi.com\/#website\",\"url\":\"https:\/\/ndermjetesimi.com\/\",\"name\":\"Oda e Nd\u00ebrmjet\u00ebsuesve t\u00eb Kosov\u00ebs\",\"description\":\"\",\"publisher\":{\"@id\":\"https:\/\/ndermjetesimi.com\/#organization\"},\"potentialAction\":[{\"@type\":\"SearchAction\",\"target\":{\"@type\":\"EntryPoint\",\"urlTemplate\":\"https:\/\/ndermjetesimi.com\/?s={search_term_string}\"},\"query-input\":\"required name=search_term_string\"}],\"inLanguage\":\"sr-RS\"},{\"@type\":\"Organization\",\"@id\":\"https:\/\/ndermjetesimi.com\/#organization\",\"name\":\"Oda e Nd\u00ebrmjet\u00ebsuesve t\u00eb Kosov\u00ebs\",\"url\":\"https:\/\/ndermjetesimi.com\/\",\"logo\":{\"@type\":\"ImageObject\",\"inLanguage\":\"sr-RS\",\"@id\":\"https:\/\/ndermjetesimi.com\/#\/schema\/logo\/image\/\",\"url\":\"https:\/\/ndermjetesimi.com\/wp-content\/uploads\/2022\/08\/cropped-Oda-form.png\",\"contentUrl\":\"https:\/\/ndermjetesimi.com\/wp-content\/uploads\/2022\/08\/cropped-Oda-form.png\",\"width\":1676,\"height\":404,\"caption\":\"Oda e Nd\u00ebrmjet\u00ebsuesve t\u00eb Kosov\u00ebs\"},\"image\":{\"@id\":\"https:\/\/ndermjetesimi.com\/#\/schema\/logo\/image\/\"},\"sameAs\":[\"https:\/\/www.facebook.com\/profile.php?id=100070871208708\"]}]}<\/script>\n<!-- \/ Yoast SEO plugin. -->","yoast_head_json":{"title":"Kontakti - Oda e Nd\u00ebrmjet\u00ebsuesve t\u00eb Kosov\u00ebs","robots":{"index":"index","follow":"follow","max-snippet":"max-snippet:-1","max-image-preview":"max-image-preview:large","max-video-preview":"max-video-preview:-1"},"canonical":"https:\/\/ndermjetesimi.com\/sr\/kontakti\/","og_locale":"sr_RS","og_type":"article","og_title":"Kontakti - Oda e Nd\u00ebrmjet\u00ebsuesve t\u00eb Kosov\u00ebs","og_description":"Le t\u0451 flasim Keni nevoj\u00eb p\u00ebr m\u00eb shum\u00eb informata rreth nesh? Rr. &#8221;Ali Aliu Kelmendi&#8221;,IB.1K-8 nr.59 Mati 1 , Rruga C &#8211;\u00a0 10000 Prishtin\u00eb,Kosov\u00eb\u00a0 Email info@ndermjetesimi.com prishtine@ndermjetesimi.com mitrovice@ndermjetesimi.com ferizaj@ndermjetesimi.com peje@ndermjetesimi.com prizren@ndermjetesimi.com gjakove@ndermjetesimi.com gjilan@ndermjetesimi.com Rrjetet Sociale Facebook Na d\u00ebrgoni mesazh Mos hezitoni t\u00eb na kontaktoni.","og_url":"https:\/\/ndermjetesimi.com\/sr\/kontakti\/","og_site_name":"Oda e Nd\u00ebrmjet\u00ebsuesve t\u00eb Kosov\u00ebs","article_publisher":"https:\/\/www.facebook.com\/profile.php?id=100070871208708","article_modified_time":"2024-09-15T20:16:28+00:00","twitter_card":"summary_large_image","twitter_misc":{"\u041f\u0440\u043e\u0446\u0435\u045a\u0435\u043d\u043e \u0432\u0440\u0435\u043c\u0435 \u0447\u0438\u0442\u0430\u045a\u0430":"1 \u043c\u0438\u043d\u0443\u0442"},"schema":{"@context":"https:\/\/schema.org","@graph":[{"@type":"WebPage","@id":"https:\/\/ndermjetesimi.com\/kontakti\/","url":"https:\/\/ndermjetesimi.com\/kontakti\/","name":"Kontakti - Oda e Nd\u00ebrmjet\u00ebsuesve t\u00eb Kosov\u00ebs","isPartOf":{"@id":"https:\/\/ndermjetesimi.com\/#website"},"datePublished":"2022-08-07T16:28:59+00:00","dateModified":"2024-09-15T20:16:28+00:00","breadcrumb":{"@id":"https:\/\/ndermjetesimi.com\/kontakti\/#breadcrumb"},"inLanguage":"sr-RS","potentialAction":[{"@type":"ReadAction","target":["https:\/\/ndermjetesimi.com\/kontakti\/"]}]},{"@type":"BreadcrumbList","@id":"https:\/\/ndermjetesimi.com\/kontakti\/#breadcrumb","itemListElement":[{"@type":"ListItem","position":1,"name":"Home","item":"https:\/\/ndermjetesimi.com\/"},{"@type":"ListItem","position":2,"name":"Kontakti"}]},{"@type":"WebSite","@id":"https:\/\/ndermjetesimi.com\/#website","url":"https:\/\/ndermjetesimi.com\/","name":"Oda e Nd\u00ebrmjet\u00ebsuesve t\u00eb Kosov\u00ebs","description":"","publisher":{"@id":"https:\/\/ndermjetesimi.com\/#organization"},"potentialAction":[{"@type":"SearchAction","target":{"@type":"EntryPoint","urlTemplate":"https:\/\/ndermjetesimi.com\/?s={search_term_string}"},"query-input":"required name=search_term_string"}],"inLanguage":"sr-RS"},{"@type":"Organization","@id":"https:\/\/ndermjetesimi.com\/#organization","name":"Oda e Nd\u00ebrmjet\u00ebsuesve t\u00eb Kosov\u00ebs","url":"https:\/\/ndermjetesimi.com\/","logo":{"@type":"ImageObject","inLanguage":"sr-RS","@id":"https:\/\/ndermjetesimi.com\/#\/schema\/logo\/image\/","url":"https:\/\/ndermjetesimi.com\/wp-content\/uploads\/2022\/08\/cropped-Oda-form.png","contentUrl":"https:\/\/ndermjetesimi.com\/wp-content\/uploads\/2022\/08\/cropped-Oda-form.png","width":1676,"height":404,"caption":"Oda e Nd\u00ebrmjet\u00ebsuesve t\u00eb Kosov\u00ebs"},"image":{"@id":"https:\/\/ndermjetesimi.com\/#\/schema\/logo\/image\/"},"sameAs":["https:\/\/www.facebook.com\/profile.php?id=100070871208708"]}]}},"_links":{"self":[{"href":"https:\/\/ndermjetesimi.com\/sr\/wp-json\/wp\/v2\/pages\/112"}],"collection":[{"href":"https:\/\/ndermjetesimi.com\/sr\/wp-json\/wp\/v2\/pages"}],"about":[{"href":"https:\/\/ndermjetesimi.com\/sr\/wp-json\/wp\/v2\/types\/page"}],"author":[{"embeddable":true,"href":"https:\/\/ndermjetesimi.com\/sr\/wp-json\/wp\/v2\/users\/1"}],"replies":[{"embeddable":true,"href":"https:\/\/ndermjetesimi.com\/sr\/wp-json\/wp\/v2\/comments?post=112"}],"version-history":[{"count":55,"href":"https:\/\/ndermjetesimi.com\/sr\/wp-json\/wp\/v2\/pages\/112\/revisions"}],"predecessor-version":[{"id":2842,"href":"https:\/\/ndermjetesimi.com\/sr\/wp-json\/wp\/v2\/pages\/112\/revisions\/2842"}],"wp:attachment":[{"href":"https:\/\/ndermjetesimi.com\/sr\/wp-json\/wp\/v2\/media?parent=112"}],"curies":[{"name":"wp","href":"https:\/\/api.w.org\/{rel}","templated":true}]}}