{"id":140,"date":"2022-08-07T16:33:52","date_gmt":"2022-08-07T16:33:52","guid":{"rendered":"https:\/\/ndermjetesimi.com\/?page_id=140"},"modified":"2022-09-01T23:57:41","modified_gmt":"2022-09-01T23:57:41","slug":"raportet-e-punes","status":"publish","type":"page","link":"https:\/\/ndermjetesimi.com\/en\/raportet-e-punes\/","title":{"rendered":"Work reports"},"content":{"rendered":"<div data-elementor-type=\"wp-page\" data-elementor-id=\"140\" class=\"elementor elementor-140\" data-elementor-settings=\"[]\">\n\t\t\t\t\t\t\t<div class=\"elementor-section-wrap\">\n\t\t\t\t\t\t\t<section class=\"elementor-section elementor-top-section elementor-element elementor-element-380db9d elementor-section-boxed elementor-section-height-default elementor-section-height-default\" data-id=\"380db9d\" data-element_type=\"section\" data-settings=\"{&quot;background_background&quot;:&quot;classic&quot;}\">\n\t\t\t\t\t\t\t<div class=\"elementor-background-overlay\"><\/div>\n\t\t\t\t\t\t\t<div class=\"elementor-container elementor-column-gap-default\">\n\t\t\t\t\t<div class=\"elementor-column elementor-col-100 elementor-top-column elementor-element elementor-element-1934c1c\" data-id=\"1934c1c\" data-element_type=\"column\">\n\t\t\t<div class=\"elementor-widget-wrap elementor-element-populated\">\n\t\t\t\t\t\t\t\t<div class=\"elementor-element elementor-element-58b770f elementor-widget elementor-widget-heading\" data-id=\"58b770f\" data-element_type=\"widget\" data-widget_type=\"heading.default\">\n\t\t\t\t<div class=\"elementor-widget-container\">\n\t\t\t<h1 class=\"elementor-heading-title elementor-size-default\">Work reports<\/h1>\t\t<\/div>\n\t\t\t\t<\/div>\n\t\t\t\t\t<\/div>\n\t\t<\/div>\n\t\t\t\t\t\t\t<\/div>\n\t\t<\/section>\n\t\t\t\t<section class=\"elementor-section elementor-top-section elementor-element elementor-element-509b06f elementor-section-boxed elementor-section-height-default elementor-section-height-default\" data-id=\"509b06f\" data-element_type=\"section\">\n\t\t\t\t\t\t<div class=\"elementor-container elementor-column-gap-default\">\n\t\t\t\t\t<div class=\"elementor-column elementor-col-100 elementor-top-column elementor-element elementor-element-aaaa051\" data-id=\"aaaa051\" data-element_type=\"column\">\n\t\t\t<div class=\"elementor-widget-wrap elementor-element-populated\">\n\t\t\t\t\t\t\t\t\t<\/div>\n\t\t<\/div>\n\t\t\t\t\t\t\t<\/div>\n\t\t<\/section>\n\t\t\t\t\t\t<\/div>\n\t\t\t\t\t<\/div>","protected":false},"excerpt":{"rendered":"<p>Work reports<\/p>","protected":false},"author":1,"featured_media":0,"parent":0,"menu_order":0,"comment_status":"closed","ping_status":"closed","template":"","meta":{"_mi_skip_tracking":false,"site-sidebar-layout":"no-sidebar","site-content-layout":"page-builder","ast-global-header-display":"disabled","ast-main-header-display":"","ast-hfb-above-header-display":"","ast-hfb-below-header-display":"","ast-hfb-mobile-header-display":"","site-post-title":"disabled","ast-breadcrumbs-content":"","ast-featured-img":"disabled","footer-sml-layout":"disabled","theme-transparent-header-meta":"","adv-header-id-meta":"","stick-header-meta":"","header-above-stick-meta":"","header-main-stick-meta":"","header-below-stick-meta":"","footnotes":""},"class_list":["post-140","page","type-page","status-publish","hentry"],"yoast_head":"<!-- This site is optimized with the Yoast SEO plugin v21.3 - https:\/\/yoast.com\/wordpress\/plugins\/seo\/ -->\n<title>Raportet e pun\u00ebs - Oda e Nd\u00ebrmjet\u00ebsuesve t\u00eb Kosov\u00ebs<\/title>\n<meta name=\"robots\" content=\"index, follow, max-snippet:-1, max-image-preview:large, max-video-preview:-1\" \/>\n<link rel=\"canonical\" href=\"https:\/\/ndermjetesimi.com\/en\/raportet-e-punes\/\" \/>\n<meta property=\"og:locale\" content=\"en_GB\" \/>\n<meta property=\"og:type\" content=\"article\" \/>\n<meta property=\"og:title\" content=\"Raportet e pun\u00ebs - Oda e Nd\u00ebrmjet\u00ebsuesve t\u00eb Kosov\u00ebs\" \/>\n<meta property=\"og:description\" content=\"Raportet e pun\u00ebs\" \/>\n<meta property=\"og:url\" content=\"https:\/\/ndermjetesimi.com\/en\/raportet-e-punes\/\" \/>\n<meta property=\"og:site_name\" content=\"Oda e Nd\u00ebrmjet\u00ebsuesve t\u00eb Kosov\u00ebs\" \/>\n<meta property=\"article:publisher\" content=\"https:\/\/www.facebook.com\/profile.php?id=100070871208708\" \/>\n<meta property=\"article:modified_time\" content=\"2022-09-01T23:57:41+00:00\" \/>\n<meta name=\"twitter:card\" content=\"summary_large_image\" \/>\n<script type=\"application\/ld+json\" class=\"yoast-schema-graph\">{\"@context\":\"https:\/\/schema.org\",\"@graph\":[{\"@type\":\"WebPage\",\"@id\":\"https:\/\/ndermjetesimi.com\/raportet-e-punes\/\",\"url\":\"https:\/\/ndermjetesimi.com\/raportet-e-punes\/\",\"name\":\"Raportet e pun\u00ebs - Oda e Nd\u00ebrmjet\u00ebsuesve t\u00eb Kosov\u00ebs\",\"isPartOf\":{\"@id\":\"https:\/\/ndermjetesimi.com\/#website\"},\"datePublished\":\"2022-08-07T16:33:52+00:00\",\"dateModified\":\"2022-09-01T23:57:41+00:00\",\"breadcrumb\":{\"@id\":\"https:\/\/ndermjetesimi.com\/raportet-e-punes\/#breadcrumb\"},\"inLanguage\":\"en-GB\",\"potentialAction\":[{\"@type\":\"ReadAction\",\"target\":[\"https:\/\/ndermjetesimi.com\/raportet-e-punes\/\"]}]},{\"@type\":\"BreadcrumbList\",\"@id\":\"https:\/\/ndermjetesimi.com\/raportet-e-punes\/#breadcrumb\",\"itemListElement\":[{\"@type\":\"ListItem\",\"position\":1,\"name\":\"Home\",\"item\":\"https:\/\/ndermjetesimi.com\/\"},{\"@type\":\"ListItem\",\"position\":2,\"name\":\"Raportet e pun\u00ebs\"}]},{\"@type\":\"WebSite\",\"@id\":\"https:\/\/ndermjetesimi.com\/#website\",\"url\":\"https:\/\/ndermjetesimi.com\/\",\"name\":\"Oda e Nd\u00ebrmjet\u00ebsuesve t\u00eb Kosov\u00ebs\",\"description\":\"\",\"publisher\":{\"@id\":\"https:\/\/ndermjetesimi.com\/#organization\"},\"potentialAction\":[{\"@type\":\"SearchAction\",\"target\":{\"@type\":\"EntryPoint\",\"urlTemplate\":\"https:\/\/ndermjetesimi.com\/?s={search_term_string}\"},\"query-input\":\"required name=search_term_string\"}],\"inLanguage\":\"en-GB\"},{\"@type\":\"Organization\",\"@id\":\"https:\/\/ndermjetesimi.com\/#organization\",\"name\":\"Oda e Nd\u00ebrmjet\u00ebsuesve t\u00eb Kosov\u00ebs\",\"url\":\"https:\/\/ndermjetesimi.com\/\",\"logo\":{\"@type\":\"ImageObject\",\"inLanguage\":\"en-GB\",\"@id\":\"https:\/\/ndermjetesimi.com\/#\/schema\/logo\/image\/\",\"url\":\"https:\/\/ndermjetesimi.com\/wp-content\/uploads\/2022\/08\/cropped-Oda-form.png\",\"contentUrl\":\"https:\/\/ndermjetesimi.com\/wp-content\/uploads\/2022\/08\/cropped-Oda-form.png\",\"width\":1676,\"height\":404,\"caption\":\"Oda e Nd\u00ebrmjet\u00ebsuesve t\u00eb Kosov\u00ebs\"},\"image\":{\"@id\":\"https:\/\/ndermjetesimi.com\/#\/schema\/logo\/image\/\"},\"sameAs\":[\"https:\/\/www.facebook.com\/profile.php?id=100070871208708\"]}]}<\/script>\n<!-- \/ Yoast SEO plugin. -->","yoast_head_json":{"title":"Raportet e pun\u00ebs - Oda e Nd\u00ebrmjet\u00ebsuesve t\u00eb Kosov\u00ebs","robots":{"index":"index","follow":"follow","max-snippet":"max-snippet:-1","max-image-preview":"max-image-preview:large","max-video-preview":"max-video-preview:-1"},"canonical":"https:\/\/ndermjetesimi.com\/en\/raportet-e-punes\/","og_locale":"en_GB","og_type":"article","og_title":"Raportet e pun\u00ebs - Oda e Nd\u00ebrmjet\u00ebsuesve t\u00eb Kosov\u00ebs","og_description":"Raportet e pun\u00ebs","og_url":"https:\/\/ndermjetesimi.com\/en\/raportet-e-punes\/","og_site_name":"Oda e Nd\u00ebrmjet\u00ebsuesve t\u00eb Kosov\u00ebs","article_publisher":"https:\/\/www.facebook.com\/profile.php?id=100070871208708","article_modified_time":"2022-09-01T23:57:41+00:00","twitter_card":"summary_large_image","schema":{"@context":"https:\/\/schema.org","@graph":[{"@type":"WebPage","@id":"https:\/\/ndermjetesimi.com\/raportet-e-punes\/","url":"https:\/\/ndermjetesimi.com\/raportet-e-punes\/","name":"Raportet e pun\u00ebs - Oda e Nd\u00ebrmjet\u00ebsuesve t\u00eb Kosov\u00ebs","isPartOf":{"@id":"https:\/\/ndermjetesimi.com\/#website"},"datePublished":"2022-08-07T16:33:52+00:00","dateModified":"2022-09-01T23:57:41+00:00","breadcrumb":{"@id":"https:\/\/ndermjetesimi.com\/raportet-e-punes\/#breadcrumb"},"inLanguage":"en-GB","potentialAction":[{"@type":"ReadAction","target":["https:\/\/ndermjetesimi.com\/raportet-e-punes\/"]}]},{"@type":"BreadcrumbList","@id":"https:\/\/ndermjetesimi.com\/raportet-e-punes\/#breadcrumb","itemListElement":[{"@type":"ListItem","position":1,"name":"Home","item":"https:\/\/ndermjetesimi.com\/"},{"@type":"ListItem","position":2,"name":"Raportet e pun\u00ebs"}]},{"@type":"WebSite","@id":"https:\/\/ndermjetesimi.com\/#website","url":"https:\/\/ndermjetesimi.com\/","name":"Oda e Nd\u00ebrmjet\u00ebsuesve t\u00eb Kosov\u00ebs","description":"","publisher":{"@id":"https:\/\/ndermjetesimi.com\/#organization"},"potentialAction":[{"@type":"SearchAction","target":{"@type":"EntryPoint","urlTemplate":"https:\/\/ndermjetesimi.com\/?s={search_term_string}"},"query-input":"required name=search_term_string"}],"inLanguage":"en-GB"},{"@type":"Organization","@id":"https:\/\/ndermjetesimi.com\/#organization","name":"Oda e Nd\u00ebrmjet\u00ebsuesve t\u00eb Kosov\u00ebs","url":"https:\/\/ndermjetesimi.com\/","logo":{"@type":"ImageObject","inLanguage":"en-GB","@id":"https:\/\/ndermjetesimi.com\/#\/schema\/logo\/image\/","url":"https:\/\/ndermjetesimi.com\/wp-content\/uploads\/2022\/08\/cropped-Oda-form.png","contentUrl":"https:\/\/ndermjetesimi.com\/wp-content\/uploads\/2022\/08\/cropped-Oda-form.png","width":1676,"height":404,"caption":"Oda e Nd\u00ebrmjet\u00ebsuesve t\u00eb Kosov\u00ebs"},"image":{"@id":"https:\/\/ndermjetesimi.com\/#\/schema\/logo\/image\/"},"sameAs":["https:\/\/www.facebook.com\/profile.php?id=100070871208708"]}]}},"_links":{"self":[{"href":"https:\/\/ndermjetesimi.com\/en\/wp-json\/wp\/v2\/pages\/140"}],"collection":[{"href":"https:\/\/ndermjetesimi.com\/en\/wp-json\/wp\/v2\/pages"}],"about":[{"href":"https:\/\/ndermjetesimi.com\/en\/wp-json\/wp\/v2\/types\/page"}],"author":[{"embeddable":true,"href":"https:\/\/ndermjetesimi.com\/en\/wp-json\/wp\/v2\/users\/1"}],"replies":[{"embeddable":true,"href":"https:\/\/ndermjetesimi.com\/en\/wp-json\/wp\/v2\/comments?post=140"}],"version-history":[{"count":16,"href":"https:\/\/ndermjetesimi.com\/en\/wp-json\/wp\/v2\/pages\/140\/revisions"}],"predecessor-version":[{"id":899,"href":"https:\/\/ndermjetesimi.com\/en\/wp-json\/wp\/v2\/pages\/140\/revisions\/899"}],"wp:attachment":[{"href":"https:\/\/ndermjetesimi.com\/en\/wp-json\/wp\/v2\/media?parent=140"}],"curies":[{"name":"wp","href":"https:\/\/api.w.org\/{rel}","templated":true}]}}