{"id":136,"date":"2022-08-07T16:33:07","date_gmt":"2022-08-07T16:33:07","guid":{"rendered":"https:\/\/ndermjetesimi.com\/?page_id=136"},"modified":"2022-09-01T23:54:37","modified_gmt":"2022-09-01T23:54:37","slug":"statistika","status":"publish","type":"page","link":"https:\/\/ndermjetesimi.com\/en\/statistika\/","title":{"rendered":"Statistics"},"content":{"rendered":"<div data-elementor-type=\"wp-page\" data-elementor-id=\"136\" class=\"elementor elementor-136\" data-elementor-settings=\"[]\">\n\t\t\t\t\t\t\t<div class=\"elementor-section-wrap\">\n\t\t\t\t\t\t\t<section class=\"elementor-section elementor-top-section elementor-element elementor-element-4f1994a elementor-section-boxed elementor-section-height-default elementor-section-height-default\" data-id=\"4f1994a\" data-element_type=\"section\" data-settings=\"{&quot;background_background&quot;:&quot;classic&quot;}\">\n\t\t\t\t\t\t\t<div class=\"elementor-background-overlay\"><\/div>\n\t\t\t\t\t\t\t<div class=\"elementor-container elementor-column-gap-default\">\n\t\t\t\t\t<div class=\"elementor-column elementor-col-100 elementor-top-column elementor-element elementor-element-8987f6b\" data-id=\"8987f6b\" data-element_type=\"column\">\n\t\t\t<div class=\"elementor-widget-wrap elementor-element-populated\">\n\t\t\t\t\t\t\t\t<div class=\"elementor-element elementor-element-80dc8a8 elementor-widget elementor-widget-heading\" data-id=\"80dc8a8\" data-element_type=\"widget\" data-widget_type=\"heading.default\">\n\t\t\t\t<div class=\"elementor-widget-container\">\n\t\t\t<h1 class=\"elementor-heading-title elementor-size-default\">Statistics<\/h1>\t\t<\/div>\n\t\t\t\t<\/div>\n\t\t\t\t\t<\/div>\n\t\t<\/div>\n\t\t\t\t\t\t\t<\/div>\n\t\t<\/section>\n\t\t\t\t<section class=\"elementor-section elementor-top-section elementor-element elementor-element-f2e407b elementor-section-boxed elementor-section-height-default elementor-section-height-default\" data-id=\"f2e407b\" data-element_type=\"section\">\n\t\t\t\t\t\t<div class=\"elementor-container elementor-column-gap-default\">\n\t\t\t\t\t<div class=\"elementor-column elementor-col-100 elementor-top-column elementor-element elementor-element-77eee65\" data-id=\"77eee65\" data-element_type=\"column\">\n\t\t\t<div class=\"elementor-widget-wrap elementor-element-populated\">\n\t\t\t\t\t\t\t\t<div class=\"elementor-element elementor-element-6c2637d elementor-grid-3 elementor-grid-tablet-2 elementor-grid-mobile-1 elementor-posts--thumbnail-top elementor-widget elementor-widget-posts\" data-id=\"6c2637d\" data-element_type=\"widget\" data-settings=\"{&quot;classic_columns&quot;:&quot;3&quot;,&quot;classic_columns_tablet&quot;:&quot;2&quot;,&quot;classic_columns_mobile&quot;:&quot;1&quot;,&quot;classic_row_gap&quot;:{&quot;unit&quot;:&quot;px&quot;,&quot;size&quot;:35,&quot;sizes&quot;:[]}}\" data-widget_type=\"posts.classic\">\n\t\t\t\t<div class=\"elementor-widget-container\">\n\t\t\t\t\t<div class=\"elementor-posts-container elementor-posts elementor-posts--skin-classic elementor-grid\">\n\t\t\t\t<article class=\"elementor-post elementor-grid-item post-3317 post type-post status-publish format-standard has-post-thumbnail hentry category-statistika\">\n\t\t\t\t<a class=\"elementor-post__thumbnail__link\" href=\"https:\/\/ndermjetesimi.com\/en\/%f0%9d%90%92%f0%9d%90%ad%f0%9d%90%9a%f0%9d%90%ad%f0%9d%90%a2%f0%9d%90%ac%f0%9d%90%ad%f0%9d%90%a2%f0%9d%90%a4%f0%9d%90%9a%f0%9d%90%ad-%f0%9d%90%a6%f0%9d%90%9b%f0%9d%90%a2-%f0%9d%90%99%f0%9d%90%a0\/\" >\n\t\t\t<div class=\"elementor-post__thumbnail\"><img loading=\"lazy\" decoding=\"async\" width=\"240\" height=\"300\" src=\"https:\/\/ndermjetesimi.com\/wp-content\/uploads\/2026\/02\/s2025-240x300.jpg\" class=\"attachment-medium size-medium\" alt=\"\" srcset=\"https:\/\/ndermjetesimi.com\/wp-content\/uploads\/2026\/02\/s2025-240x300.jpg 240w, https:\/\/ndermjetesimi.com\/wp-content\/uploads\/2026\/02\/s2025-819x1024.jpg 819w, https:\/\/ndermjetesimi.com\/wp-content\/uploads\/2026\/02\/s2025-768x960.jpg 768w, https:\/\/ndermjetesimi.com\/wp-content\/uploads\/2026\/02\/s2025-1229x1536.jpg 1229w, https:\/\/ndermjetesimi.com\/wp-content\/uploads\/2026\/02\/s2025-10x12.jpg 10w, https:\/\/ndermjetesimi.com\/wp-content\/uploads\/2026\/02\/s2025.jpg 1280w\" sizes=\"(max-width: 240px) 100vw, 240px\" \/><\/div>\n\t\t<\/a>\n\t\t\t\t<div class=\"elementor-post__text\">\n\t\t\t\t<h3 class=\"elementor-post__title\">\n\t\t\t<a href=\"https:\/\/ndermjetesimi.com\/en\/%f0%9d%90%92%f0%9d%90%ad%f0%9d%90%9a%f0%9d%90%ad%f0%9d%90%a2%f0%9d%90%ac%f0%9d%90%ad%f0%9d%90%a2%f0%9d%90%a4%f0%9d%90%9a%f0%9d%90%ad-%f0%9d%90%a6%f0%9d%90%9b%f0%9d%90%a2-%f0%9d%90%99%f0%9d%90%a0\/\" >\n\t\t\t\t\ud835\udc12\ud835\udc2d\ud835\udc1a\ud835\udc2d\ud835\udc22\ud835\udc2c\ud835\udc2d\ud835\udc22\ud835\udc24\ud835\udc1a\ud835\udc2d \ud835\udc26\ud835\udc1b\ud835\udc22 \ud835\udc19\ud835\udc20\ud835\udc23\ud835\udc22\ud835\udc1d\ud835\udc21\ud835\udc23\ud835\udc1e\ud835\udc27 \ud835\udc1e \ud835\udc0b\u00eb\ud835\udc27\ud835\udc1d\u00eb\ud835\udc2f\ud835\udc1e \ud835\udc26\ud835\udc1e \ud835\udc0d\ud835\udc1d\u00eb\ud835\udc2b\ud835\udc26\ud835\udc23\ud835\udc1e\ud835\udc2d\u00eb\ud835\udc2c\ud835\udc22\ud835\udc26 \ud835\udc20\ud835\udc23\ud835\udc1a\ud835\udc2d\u00eb \ud835\udc2f\ud835\udc22\ud835\udc2d\ud835\udc22\ud835\udc2d \ud835\udfd0\ud835\udfce\ud835\udfd0\ud835\udfd3\t\t\t<\/a>\n\t\t<\/h3>\n\t\t\t\t<div class=\"elementor-post__meta-data\">\n\t\t\t\t\t<span class=\"elementor-post-date\">\n\t\t\tFebruary 25, 2026\t\t<\/span>\n\t\t\t\t<\/div>\n\t\t\t\t<div class=\"elementor-post__excerpt\">\n\t\t\t<p>Gjithnj\u00eb e m\u00eb shum\u00eb qytetar\u00eb po e zgjedhin nd\u00ebrmjet\u00ebsimin me vetinicim, pa shkuar n\u00eb gjykat\u00eb. Kjo tregon besim, vet\u00ebdije dhe d\u00ebshir\u00eb p\u00ebr zgjidhje t\u00eb shpejta<\/p>\n\t\t<\/div>\n\t\t\t\t\t<a class=\"elementor-post__read-more\" href=\"https:\/\/ndermjetesimi.com\/en\/%f0%9d%90%92%f0%9d%90%ad%f0%9d%90%9a%f0%9d%90%ad%f0%9d%90%a2%f0%9d%90%ac%f0%9d%90%ad%f0%9d%90%a2%f0%9d%90%a4%f0%9d%90%9a%f0%9d%90%ad-%f0%9d%90%a6%f0%9d%90%9b%f0%9d%90%a2-%f0%9d%90%99%f0%9d%90%a0\/\" >\n\t\t\t\tRead more\t\t\t<\/a>\n\t\t\t\t<\/div>\n\t\t\t\t<\/article>\n\t\t\t\t<article class=\"elementor-post elementor-grid-item post-3108 post type-post status-publish format-standard has-post-thumbnail hentry category-statistika\">\n\t\t\t\t<a class=\"elementor-post__thumbnail__link\" href=\"https:\/\/ndermjetesimi.com\/en\/%f0%9d%90%92%f0%9d%90%ad%f0%9d%90%9a%f0%9d%90%ad%f0%9d%90%a2%f0%9d%90%ac%f0%9d%90%ad%f0%9d%90%a2%f0%9d%90%a4%f0%9d%90%9a-%f0%9d%90%a6%f0%9d%90%9b%f0%9d%90%a2-%f0%9d%90%99%f0%9d%90%a0%f0%9d%90%a3\/\" >\n\t\t\t<div class=\"elementor-post__thumbnail\"><img loading=\"lazy\" decoding=\"async\" width=\"300\" height=\"300\" src=\"https:\/\/ndermjetesimi.com\/wp-content\/uploads\/2025\/02\/r1-300x300.jpg\" class=\"attachment-medium size-medium\" alt=\"\" srcset=\"https:\/\/ndermjetesimi.com\/wp-content\/uploads\/2025\/02\/r1-300x300.jpg 300w, https:\/\/ndermjetesimi.com\/wp-content\/uploads\/2025\/02\/r1-1024x1024.jpg 1024w, https:\/\/ndermjetesimi.com\/wp-content\/uploads\/2025\/02\/r1-150x150.jpg 150w, https:\/\/ndermjetesimi.com\/wp-content\/uploads\/2025\/02\/r1-768x768.jpg 768w, https:\/\/ndermjetesimi.com\/wp-content\/uploads\/2025\/02\/r1-12x12.jpg 12w, https:\/\/ndermjetesimi.com\/wp-content\/uploads\/2025\/02\/r1.jpg 1500w\" sizes=\"(max-width: 300px) 100vw, 300px\" \/><\/div>\n\t\t<\/a>\n\t\t\t\t<div class=\"elementor-post__text\">\n\t\t\t\t<h3 class=\"elementor-post__title\">\n\t\t\t<a href=\"https:\/\/ndermjetesimi.com\/en\/%f0%9d%90%92%f0%9d%90%ad%f0%9d%90%9a%f0%9d%90%ad%f0%9d%90%a2%f0%9d%90%ac%f0%9d%90%ad%f0%9d%90%a2%f0%9d%90%a4%f0%9d%90%9a-%f0%9d%90%a6%f0%9d%90%9b%f0%9d%90%a2-%f0%9d%90%99%f0%9d%90%a0%f0%9d%90%a3\/\" >\n\t\t\t\t\ud835\udc12\ud835\udc2d\ud835\udc1a\ud835\udc2d\ud835\udc22\ud835\udc2c\ud835\udc2d\ud835\udc22\ud835\udc24\ud835\udc1a \ud835\udc26\ud835\udc1b\ud835\udc22 \ud835\udc19\ud835\udc20\ud835\udc23\ud835\udc22\ud835\udc1d\ud835\udc21\ud835\udc23\ud835\udc1e\ud835\udc27 \ud835\udc1e \ud835\udc0b\u00eb\ud835\udc27\ud835\udc1d\u00eb\ud835\udc2f\ud835\udc1e \ud835\udc26\ud835\udc1e \ud835\udc0d\ud835\udc1d\u00eb\ud835\udc2b\ud835\udc26\ud835\udc23\ud835\udc1e\ud835\udc2d\u00eb\ud835\udc2c\ud835\udc22\ud835\udc26 \ud835\udc20\ud835\udc23\ud835\udc1a\ud835\udc2d\u00eb \ud835\udc2f\ud835\udc22\ud835\udc2d\ud835\udc22\ud835\udc2d \ud835\udfd0\ud835\udfce\ud835\udfd0\ud835\udfd2\t\t\t<\/a>\n\t\t<\/h3>\n\t\t\t\t<div class=\"elementor-post__meta-data\">\n\t\t\t\t\t<span class=\"elementor-post-date\">\n\t\t\tFebruary 10, 2025\t\t<\/span>\n\t\t\t\t<\/div>\n\t\t\t\t<div class=\"elementor-post__excerpt\">\n\t\t\t<p>Gjat\u00eb vitit 2024, nd\u00ebrmjet\u00ebsimi ka vazhduar t\u00eb jet\u00eb nj\u00eb mekaniz\u00ebm efektiv p\u00ebr zgjidhjen e mosmarr\u00ebveshjeve n\u00eb Kosov\u00eb. N\u00eb bashk\u00ebpunim me gjykatat dhe prokurorit\u00eb themelore, si<\/p>\n\t\t<\/div>\n\t\t\t\t\t<a class=\"elementor-post__read-more\" href=\"https:\/\/ndermjetesimi.com\/en\/%f0%9d%90%92%f0%9d%90%ad%f0%9d%90%9a%f0%9d%90%ad%f0%9d%90%a2%f0%9d%90%ac%f0%9d%90%ad%f0%9d%90%a2%f0%9d%90%a4%f0%9d%90%9a-%f0%9d%90%a6%f0%9d%90%9b%f0%9d%90%a2-%f0%9d%90%99%f0%9d%90%a0%f0%9d%90%a3\/\" >\n\t\t\t\tRead more\t\t\t<\/a>\n\t\t\t\t<\/div>\n\t\t\t\t<\/article>\n\t\t\t\t<article class=\"elementor-post elementor-grid-item post-2771 post type-post status-publish format-standard hentry category-statistika\">\n\t\t\t\t<div class=\"elementor-post__text\">\n\t\t\t\t<h3 class=\"elementor-post__title\">\n\t\t\t<a href=\"https:\/\/ndermjetesimi.com\/en\/rastet-e-referuara-dhe-te-zgjidhura-me-ndermjetesim-ne-vitin-2023\/\" >\n\t\t\t\tRASTET E REFERUARA DHE T\u00cb ZGJIDHURA ME ND\u00cbRMJET\u00cbSIM N\u00cb VITIN 2023\t\t\t<\/a>\n\t\t<\/h3>\n\t\t\t\t<div class=\"elementor-post__meta-data\">\n\t\t\t\t\t<span class=\"elementor-post-date\">\n\t\t\tFebruary 8, 2024\t\t<\/span>\n\t\t\t\t<\/div>\n\t\t\t\t<div class=\"elementor-post__excerpt\">\n\t\t\t\t\t<\/div>\n\t\t\t\t\t<a class=\"elementor-post__read-more\" href=\"https:\/\/ndermjetesimi.com\/en\/rastet-e-referuara-dhe-te-zgjidhura-me-ndermjetesim-ne-vitin-2023\/\" >\n\t\t\t\tRead more\t\t\t<\/a>\n\t\t\t\t<\/div>\n\t\t\t\t<\/article>\n\t\t\t\t<\/div>\n\t\t\t\t<\/div>\n\t\t\t\t<\/div>\n\t\t\t\t\t<\/div>\n\t\t<\/div>\n\t\t\t\t\t\t\t<\/div>\n\t\t<\/section>\n\t\t\t\t\t\t<\/div>\n\t\t\t\t\t<\/div>","protected":false},"excerpt":{"rendered":"<p>Statistics<\/p>","protected":false},"author":1,"featured_media":0,"parent":0,"menu_order":0,"comment_status":"closed","ping_status":"closed","template":"","meta":{"_mi_skip_tracking":false,"site-sidebar-layout":"no-sidebar","site-content-layout":"page-builder","ast-global-header-display":"disabled","ast-main-header-display":"","ast-hfb-above-header-display":"","ast-hfb-below-header-display":"","ast-hfb-mobile-header-display":"","site-post-title":"disabled","ast-breadcrumbs-content":"","ast-featured-img":"disabled","footer-sml-layout":"disabled","theme-transparent-header-meta":"","adv-header-id-meta":"","stick-header-meta":"","header-above-stick-meta":"","header-main-stick-meta":"","header-below-stick-meta":"","footnotes":""},"class_list":["post-136","page","type-page","status-publish","hentry"],"yoast_head":"<!-- This site is optimized with the Yoast SEO plugin v21.3 - https:\/\/yoast.com\/wordpress\/plugins\/seo\/ -->\n<title>Statistika - Oda e Nd\u00ebrmjet\u00ebsuesve t\u00eb Kosov\u00ebs<\/title>\n<meta name=\"robots\" content=\"index, follow, max-snippet:-1, max-image-preview:large, max-video-preview:-1\" \/>\n<link rel=\"canonical\" href=\"https:\/\/ndermjetesimi.com\/en\/statistika\/\" \/>\n<meta property=\"og:locale\" content=\"en_GB\" \/>\n<meta property=\"og:type\" content=\"article\" \/>\n<meta property=\"og:title\" content=\"Statistika - Oda e Nd\u00ebrmjet\u00ebsuesve t\u00eb Kosov\u00ebs\" \/>\n<meta property=\"og:description\" content=\"Statistika\" \/>\n<meta property=\"og:url\" content=\"https:\/\/ndermjetesimi.com\/en\/statistika\/\" \/>\n<meta property=\"og:site_name\" content=\"Oda e Nd\u00ebrmjet\u00ebsuesve t\u00eb Kosov\u00ebs\" \/>\n<meta property=\"article:publisher\" content=\"https:\/\/www.facebook.com\/profile.php?id=100070871208708\" \/>\n<meta property=\"article:modified_time\" content=\"2022-09-01T23:54:37+00:00\" \/>\n<meta name=\"twitter:card\" content=\"summary_large_image\" \/>\n<script type=\"application\/ld+json\" class=\"yoast-schema-graph\">{\"@context\":\"https:\/\/schema.org\",\"@graph\":[{\"@type\":\"WebPage\",\"@id\":\"https:\/\/ndermjetesimi.com\/statistika\/\",\"url\":\"https:\/\/ndermjetesimi.com\/statistika\/\",\"name\":\"Statistika - Oda e Nd\u00ebrmjet\u00ebsuesve t\u00eb Kosov\u00ebs\",\"isPartOf\":{\"@id\":\"https:\/\/ndermjetesimi.com\/#website\"},\"datePublished\":\"2022-08-07T16:33:07+00:00\",\"dateModified\":\"2022-09-01T23:54:37+00:00\",\"breadcrumb\":{\"@id\":\"https:\/\/ndermjetesimi.com\/statistika\/#breadcrumb\"},\"inLanguage\":\"en-GB\",\"potentialAction\":[{\"@type\":\"ReadAction\",\"target\":[\"https:\/\/ndermjetesimi.com\/statistika\/\"]}]},{\"@type\":\"BreadcrumbList\",\"@id\":\"https:\/\/ndermjetesimi.com\/statistika\/#breadcrumb\",\"itemListElement\":[{\"@type\":\"ListItem\",\"position\":1,\"name\":\"Home\",\"item\":\"https:\/\/ndermjetesimi.com\/\"},{\"@type\":\"ListItem\",\"position\":2,\"name\":\"Statistika\"}]},{\"@type\":\"WebSite\",\"@id\":\"https:\/\/ndermjetesimi.com\/#website\",\"url\":\"https:\/\/ndermjetesimi.com\/\",\"name\":\"Oda e Nd\u00ebrmjet\u00ebsuesve t\u00eb Kosov\u00ebs\",\"description\":\"\",\"publisher\":{\"@id\":\"https:\/\/ndermjetesimi.com\/#organization\"},\"potentialAction\":[{\"@type\":\"SearchAction\",\"target\":{\"@type\":\"EntryPoint\",\"urlTemplate\":\"https:\/\/ndermjetesimi.com\/?s={search_term_string}\"},\"query-input\":\"required name=search_term_string\"}],\"inLanguage\":\"en-GB\"},{\"@type\":\"Organization\",\"@id\":\"https:\/\/ndermjetesimi.com\/#organization\",\"name\":\"Oda e Nd\u00ebrmjet\u00ebsuesve t\u00eb Kosov\u00ebs\",\"url\":\"https:\/\/ndermjetesimi.com\/\",\"logo\":{\"@type\":\"ImageObject\",\"inLanguage\":\"en-GB\",\"@id\":\"https:\/\/ndermjetesimi.com\/#\/schema\/logo\/image\/\",\"url\":\"https:\/\/ndermjetesimi.com\/wp-content\/uploads\/2022\/08\/cropped-Oda-form.png\",\"contentUrl\":\"https:\/\/ndermjetesimi.com\/wp-content\/uploads\/2022\/08\/cropped-Oda-form.png\",\"width\":1676,\"height\":404,\"caption\":\"Oda e Nd\u00ebrmjet\u00ebsuesve t\u00eb Kosov\u00ebs\"},\"image\":{\"@id\":\"https:\/\/ndermjetesimi.com\/#\/schema\/logo\/image\/\"},\"sameAs\":[\"https:\/\/www.facebook.com\/profile.php?id=100070871208708\"]}]}<\/script>\n<!-- \/ Yoast SEO plugin. -->","yoast_head_json":{"title":"Statistika - Oda e Nd\u00ebrmjet\u00ebsuesve t\u00eb Kosov\u00ebs","robots":{"index":"index","follow":"follow","max-snippet":"max-snippet:-1","max-image-preview":"max-image-preview:large","max-video-preview":"max-video-preview:-1"},"canonical":"https:\/\/ndermjetesimi.com\/en\/statistika\/","og_locale":"en_GB","og_type":"article","og_title":"Statistika - Oda e Nd\u00ebrmjet\u00ebsuesve t\u00eb Kosov\u00ebs","og_description":"Statistika","og_url":"https:\/\/ndermjetesimi.com\/en\/statistika\/","og_site_name":"Oda e Nd\u00ebrmjet\u00ebsuesve t\u00eb Kosov\u00ebs","article_publisher":"https:\/\/www.facebook.com\/profile.php?id=100070871208708","article_modified_time":"2022-09-01T23:54:37+00:00","twitter_card":"summary_large_image","schema":{"@context":"https:\/\/schema.org","@graph":[{"@type":"WebPage","@id":"https:\/\/ndermjetesimi.com\/statistika\/","url":"https:\/\/ndermjetesimi.com\/statistika\/","name":"Statistika - Oda e Nd\u00ebrmjet\u00ebsuesve t\u00eb Kosov\u00ebs","isPartOf":{"@id":"https:\/\/ndermjetesimi.com\/#website"},"datePublished":"2022-08-07T16:33:07+00:00","dateModified":"2022-09-01T23:54:37+00:00","breadcrumb":{"@id":"https:\/\/ndermjetesimi.com\/statistika\/#breadcrumb"},"inLanguage":"en-GB","potentialAction":[{"@type":"ReadAction","target":["https:\/\/ndermjetesimi.com\/statistika\/"]}]},{"@type":"BreadcrumbList","@id":"https:\/\/ndermjetesimi.com\/statistika\/#breadcrumb","itemListElement":[{"@type":"ListItem","position":1,"name":"Home","item":"https:\/\/ndermjetesimi.com\/"},{"@type":"ListItem","position":2,"name":"Statistika"}]},{"@type":"WebSite","@id":"https:\/\/ndermjetesimi.com\/#website","url":"https:\/\/ndermjetesimi.com\/","name":"Oda e Nd\u00ebrmjet\u00ebsuesve t\u00eb Kosov\u00ebs","description":"","publisher":{"@id":"https:\/\/ndermjetesimi.com\/#organization"},"potentialAction":[{"@type":"SearchAction","target":{"@type":"EntryPoint","urlTemplate":"https:\/\/ndermjetesimi.com\/?s={search_term_string}"},"query-input":"required name=search_term_string"}],"inLanguage":"en-GB"},{"@type":"Organization","@id":"https:\/\/ndermjetesimi.com\/#organization","name":"Oda e Nd\u00ebrmjet\u00ebsuesve t\u00eb Kosov\u00ebs","url":"https:\/\/ndermjetesimi.com\/","logo":{"@type":"ImageObject","inLanguage":"en-GB","@id":"https:\/\/ndermjetesimi.com\/#\/schema\/logo\/image\/","url":"https:\/\/ndermjetesimi.com\/wp-content\/uploads\/2022\/08\/cropped-Oda-form.png","contentUrl":"https:\/\/ndermjetesimi.com\/wp-content\/uploads\/2022\/08\/cropped-Oda-form.png","width":1676,"height":404,"caption":"Oda e Nd\u00ebrmjet\u00ebsuesve t\u00eb Kosov\u00ebs"},"image":{"@id":"https:\/\/ndermjetesimi.com\/#\/schema\/logo\/image\/"},"sameAs":["https:\/\/www.facebook.com\/profile.php?id=100070871208708"]}]}},"_links":{"self":[{"href":"https:\/\/ndermjetesimi.com\/en\/wp-json\/wp\/v2\/pages\/136"}],"collection":[{"href":"https:\/\/ndermjetesimi.com\/en\/wp-json\/wp\/v2\/pages"}],"about":[{"href":"https:\/\/ndermjetesimi.com\/en\/wp-json\/wp\/v2\/types\/page"}],"author":[{"embeddable":true,"href":"https:\/\/ndermjetesimi.com\/en\/wp-json\/wp\/v2\/users\/1"}],"replies":[{"embeddable":true,"href":"https:\/\/ndermjetesimi.com\/en\/wp-json\/wp\/v2\/comments?post=136"}],"version-history":[{"count":13,"href":"https:\/\/ndermjetesimi.com\/en\/wp-json\/wp\/v2\/pages\/136\/revisions"}],"predecessor-version":[{"id":891,"href":"https:\/\/ndermjetesimi.com\/en\/wp-json\/wp\/v2\/pages\/136\/revisions\/891"}],"wp:attachment":[{"href":"https:\/\/ndermjetesimi.com\/en\/wp-json\/wp\/v2\/media?parent=136"}],"curies":[{"name":"wp","href":"https:\/\/api.w.org\/{rel}","templated":true}]}}