{"id":120,"date":"2022-08-07T16:30:21","date_gmt":"2022-08-07T16:30:21","guid":{"rendered":"https:\/\/ndermjetesimi.com\/?page_id=120"},"modified":"2024-09-15T22:21:30","modified_gmt":"2024-09-15T20:21:30","slug":"kryetari-ja","status":"publish","type":"page","link":"https:\/\/ndermjetesimi.com\/en\/kryetari-ja\/","title":{"rendered":"President"},"content":{"rendered":"<div data-elementor-type=\"wp-page\" data-elementor-id=\"120\" class=\"elementor elementor-120\" data-elementor-settings=\"[]\">\n\t\t\t\t\t\t\t<div class=\"elementor-section-wrap\">\n\t\t\t\t\t\t\t<section class=\"elementor-section elementor-top-section elementor-element elementor-element-91a44fa elementor-section-boxed elementor-section-height-default elementor-section-height-default\" data-id=\"91a44fa\" data-element_type=\"section\" data-settings=\"{&quot;background_background&quot;:&quot;classic&quot;}\">\n\t\t\t\t\t\t\t<div class=\"elementor-background-overlay\"><\/div>\n\t\t\t\t\t\t\t<div class=\"elementor-container elementor-column-gap-default\">\n\t\t\t\t\t<div class=\"elementor-column elementor-col-100 elementor-top-column elementor-element elementor-element-3c11cf6\" data-id=\"3c11cf6\" data-element_type=\"column\">\n\t\t\t<div class=\"elementor-widget-wrap elementor-element-populated\">\n\t\t\t\t\t\t\t\t<div class=\"elementor-element elementor-element-7e70aba elementor-widget elementor-widget-heading\" data-id=\"7e70aba\" data-element_type=\"widget\" data-widget_type=\"heading.default\">\n\t\t\t\t<div class=\"elementor-widget-container\">\n\t\t\t<h1 class=\"elementor-heading-title elementor-size-default\">President<\/h1>\t\t<\/div>\n\t\t\t\t<\/div>\n\t\t\t\t\t<\/div>\n\t\t<\/div>\n\t\t\t\t\t\t\t<\/div>\n\t\t<\/section>\n\t\t\t\t<section class=\"elementor-section elementor-top-section elementor-element elementor-element-0ac94a3 elementor-section-boxed elementor-section-height-default elementor-section-height-default\" data-id=\"0ac94a3\" data-element_type=\"section\" data-settings=\"{&quot;background_background&quot;:&quot;classic&quot;}\">\n\t\t\t\t\t\t<div class=\"elementor-container elementor-column-gap-default\">\n\t\t\t\t\t<div class=\"elementor-column elementor-col-100 elementor-top-column elementor-element elementor-element-8eb0ace\" data-id=\"8eb0ace\" data-element_type=\"column\">\n\t\t\t<div class=\"elementor-widget-wrap elementor-element-populated\">\n\t\t\t\t\t\t\t\t<div class=\"elementor-element elementor-element-9883403 elementor-widget elementor-widget-heading\" data-id=\"9883403\" data-element_type=\"widget\" data-widget_type=\"heading.default\">\n\t\t\t\t<div class=\"elementor-widget-container\">\n\t\t\t<h4 class=\"elementor-heading-title elementor-size-default\">THE PRESIDENT OF KOSOVO\u2019S CHAMBER OF MEDIATORS<\/h4>\t\t<\/div>\n\t\t\t\t<\/div>\n\t\t\t\t<div class=\"elementor-element elementor-element-de89f4b elementor-widget elementor-widget-text-editor\" data-id=\"de89f4b\" data-element_type=\"widget\" data-widget_type=\"text-editor.default\">\n\t\t\t\t<div class=\"elementor-widget-container\">\n\t\t\t\t\t\t\t<p>The President of the Chamber has the following powers, authorizations and responsibilities:<\/p>\n<ul>\n<li>directs, leads and organizes the work and is responsible for the legality of the Chamber\u2019s operations;<\/li>\n<li>represents the Chamber and accepts all official documents or notices on its behalf. He\/she is responsible for informing the relevant administrative authorities about any changes in the Chamber;<\/li>\n<li>represents the Chamber to third parties, for economic, financial and programmatic issues having a general effect in the field of mediation;<\/li>\n<li>signs on behalf of the Chamber, within limits set by law, the statute and decisions of the Board and\/or the Assembly;<\/li>\n<li>implements the Chamber's work plan approved by the Assembly;<\/li>\n<li>lobbies for issues of particular importance for the field of mediation;<\/li>\n<li>plays an active role in representing and promoting the interests of the field of mediation towards the state institutions of the Republic of Kosovo as well as other local and international institutions working the field of mediation;<\/li>\n<li>takes an active part in informing the public through written and electronic media about mediation;<\/li>\n<li>appoints the administrative personnel in the Chamber after approval by the Board, if any;<\/li>\n<li>proposes the draft regulations and other acts relevant to the operations of the Chamber, which the Board approves, draws up the draft budget of the Chamber and presents it for Board review and Assembly approval;<\/li>\n<li>controls and supervises the administration of expenses within the budget limits of the Chamber approved by the Assembly;<\/li>\n<li>prepares the annual report focusing on the Chamber's activities;<\/li>\n<li>prepares the Chamber's annual financial report;<\/li>\n<li>representants or authorizes the Chamber's employees within their powers for representation in the processes of a financial, legal and administrative functioning of the Chamber's daily activity;<\/li>\n<li>participates in the Assembly and Chamber's meetings, in the latter without a voting right;<\/li>\n<li>directs the executive structure and performs all tasks defined by the statute;<\/li>\n<li>decides, per its competences, the smooth running of the Chamber's affairs;<\/li>\n<li>initiates and gives proposals for the realization of the Chamber's goals in cooperation with the Board;<\/li>\n<li>leads the procedure of the solemn oath;<\/li>\n<li>allows payments from the Chamber's budget up to the limits set by the Board and decides on expenditures;<\/li>\n<li>for the achievement of the annual work plan, forms working groups and assigns the themes of their work, for which it also notifies the Board;<\/li>\n<li>performs other work in accordance with the statute and other normative acts, linking the daily activities of the Chamber as defined;<\/li>\n<li>performs other tasks as assigned by the Assembly and\/or the Board.<\/li>\n<\/ul>\n<p>The Chamber's President is accountable for its work and reports to the Board and Assembly.<\/p>\n<p>The President's Chamber must have high professional ethics, honesty, and dedication to the work and tasks of the Chamber. It is expected for them to be vigilant and perform all duties, authorizations and responsibilities in good faith and loyally, to make decisions in full trust it is acting to the most reasonable extent in the best interest of the Chamber and its members of the Assembly and be attentive to their responsibilities. They must avoid any conflict of interest and, in such a case, abstain from decision-making and declare this to the Board.<\/p>\n<p>Mandati i Kryetarit\/es t\u00eb ONDK \u00ebsht\u00eb n\u00eb koh\u00ebzgjatje prej tre (3) vite, me mund\u00ebsi rizgjedhje.<\/p>\t\t\t\t\t\t<\/div>\n\t\t\t\t<\/div>\n\t\t\t\t\t<\/div>\n\t\t<\/div>\n\t\t\t\t\t\t\t<\/div>\n\t\t<\/section>\n\t\t\t\t<section class=\"elementor-section elementor-top-section elementor-element elementor-element-36ed778d elementor-section-boxed elementor-section-height-default elementor-section-height-default\" data-id=\"36ed778d\" data-element_type=\"section\" data-settings=\"{&quot;background_background&quot;:&quot;classic&quot;}\">\n\t\t\t\t\t\t<div class=\"elementor-container elementor-column-gap-default\">\n\t\t\t\t\t<div class=\"elementor-column elementor-col-100 elementor-top-column elementor-element elementor-element-59203c41\" data-id=\"59203c41\" data-element_type=\"column\">\n\t\t\t<div class=\"elementor-widget-wrap elementor-element-populated\">\n\t\t\t\t\t\t\t\t<div class=\"elementor-element elementor-element-8e1364a elementor-widget elementor-widget-heading\" data-id=\"8e1364a\" data-element_type=\"widget\" data-widget_type=\"heading.default\">\n\t\t\t\t<div class=\"elementor-widget-container\">\n\t\t\t<h4 class=\"elementor-heading-title elementor-size-default\">THE CHAMBER\u2019S PRESIDENT:<\/h4>\t\t<\/div>\n\t\t\t\t<\/div>\n\t\t\t\t<section class=\"elementor-section elementor-inner-section elementor-element elementor-element-12b0e6a elementor-section-boxed elementor-section-height-default elementor-section-height-default\" data-id=\"12b0e6a\" data-element_type=\"section\">\n\t\t\t\t\t\t<div class=\"elementor-container elementor-column-gap-default\">\n\t\t\t\t\t<div class=\"elementor-column elementor-col-100 elementor-inner-column elementor-element elementor-element-1ab5835c\" data-id=\"1ab5835c\" data-element_type=\"column\">\n\t\t\t<div class=\"elementor-widget-wrap elementor-element-populated\">\n\t\t\t\t\t\t\t\t<div class=\"elementor-element elementor-element-711e7f17 elementor-position-top elementor-vertical-align-top elementor-widget elementor-widget-image-box\" data-id=\"711e7f17\" data-element_type=\"widget\" data-widget_type=\"image-box.default\">\n\t\t\t\t<div class=\"elementor-widget-container\">\n\t\t\t<div class=\"elementor-image-box-wrapper\"><figure class=\"elementor-image-box-img\"><img decoding=\"async\" src=\"https:\/\/ndermjetesimi.com\/wp-content\/uploads\/elementor\/thumbs\/kryetarja-pt2zccx4xcaizzh4a9hwmipembzi4j0ym7j1p5f2cg.jpg\" title=\"kryetarja\" alt=\"kryetarja\" class=\"elementor-animation-float\" \/><\/figure><div class=\"elementor-image-box-content\"><h4 class=\"elementor-image-box-title\">Ganimete Xhelili<\/h4><p class=\"elementor-image-box-description\">Sociologist and Mediator<br>\nMandate:\nDecember 2021 - Present\n<br>E-mail: ganimete.xhelili@ndermjetesimi.com\n<br>Tel : +383(0)44 597 712\n<\/p><\/div><\/div>\t\t<\/div>\n\t\t\t\t<\/div>\n\t\t\t\t\t<\/div>\n\t\t<\/div>\n\t\t\t\t\t\t\t<\/div>\n\t\t<\/section>\n\t\t\t\t\t<\/div>\n\t\t<\/div>\n\t\t\t\t\t\t\t<\/div>\n\t\t<\/section>\n\t\t\t\t<section class=\"elementor-section elementor-top-section elementor-element elementor-element-13e9cbd elementor-section-boxed elementor-section-height-default elementor-section-height-default\" data-id=\"13e9cbd\" data-element_type=\"section\">\n\t\t\t\t\t\t<div class=\"elementor-container elementor-column-gap-default\">\n\t\t\t\t\t<div class=\"elementor-column elementor-col-100 elementor-top-column elementor-element elementor-element-2873445\" data-id=\"2873445\" data-element_type=\"column\">\n\t\t\t<div class=\"elementor-widget-wrap elementor-element-populated\">\n\t\t\t\t\t\t\t\t<div class=\"elementor-element elementor-element-5513361 elementor-widget elementor-widget-heading\" data-id=\"5513361\" data-element_type=\"widget\" data-widget_type=\"heading.default\">\n\t\t\t\t<div class=\"elementor-widget-container\">\n\t\t\t<h4 class=\"elementor-heading-title elementor-size-default\">FORMER PRESIDENTS:<\/h4>\t\t<\/div>\n\t\t\t\t<\/div>\n\t\t\t\t<div class=\"elementor-element elementor-element-ad1274d elementor-widget elementor-widget-text-editor\" data-id=\"ad1274d\" data-element_type=\"widget\" data-widget_type=\"text-editor.default\">\n\t\t\t\t<div class=\"elementor-widget-container\">\n\t\t\t\t\t\t\t<p><strong>Faton Morina<\/strong> - Lawyer and Mediator \/ Mandate: November 2019 \u2013 February 2021<br \/><br \/><\/p>\t\t\t\t\t\t<\/div>\n\t\t\t\t<\/div>\n\t\t\t\t\t<\/div>\n\t\t<\/div>\n\t\t\t\t\t\t\t<\/div>\n\t\t<\/section>\n\t\t\t\t\t\t<\/div>\n\t\t\t\t\t<\/div>","protected":false},"excerpt":{"rendered":"<p>KRYETARI\/JA I\/E OD\u00cbS S\u00cb ND\u00cbRMJET\u00cbSUESVE T\u00cb KOSOV\u00cbS Kryetari\/ja i ONDK ka k\u00ebto kompetenca, autorizime dhe p\u00ebrgjegj\u00ebsi: drejton, udh\u00ebheq, organizon pun\u00ebn dhe \u00ebsht\u00eb p\u00ebrgjegj\u00ebs\/e p\u00ebr ligjshm\u00ebrin\u00eb e pun\u00ebs n\u00eb ONDK; p\u00ebrfaq\u00ebson ONDK dhe pranon t\u00eb gjitha shkresat zyrtare n\u00eb em\u00ebr t\u00eb saj. Ai\/ajo \u00ebsht\u00eb p\u00ebrgjegj\u00ebs\/e p\u00ebr informimin e autoriteteve relevante administrative p\u00ebr \u00e7far\u00ebdo ndryshimi n\u00eb ONDK; &hellip;<\/p>\n<p class=\"read-more\"> <a class=\"\" href=\"https:\/\/ndermjetesimi.com\/en\/kryetari-ja\/\"> <span class=\"screen-reader-text\">President<\/span> Read More &raquo;<\/a><\/p>","protected":false},"author":1,"featured_media":0,"parent":0,"menu_order":0,"comment_status":"closed","ping_status":"closed","template":"","meta":{"_mi_skip_tracking":false,"site-sidebar-layout":"no-sidebar","site-content-layout":"page-builder","ast-global-header-display":"disabled","ast-main-header-display":"","ast-hfb-above-header-display":"","ast-hfb-below-header-display":"","ast-hfb-mobile-header-display":"","site-post-title":"disabled","ast-breadcrumbs-content":"","ast-featured-img":"disabled","footer-sml-layout":"disabled","theme-transparent-header-meta":"","adv-header-id-meta":"","stick-header-meta":"","header-above-stick-meta":"","header-main-stick-meta":"","header-below-stick-meta":"","footnotes":""},"class_list":["post-120","page","type-page","status-publish","hentry"],"yoast_head":"<!-- This site is optimized with the Yoast SEO plugin v21.3 - https:\/\/yoast.com\/wordpress\/plugins\/seo\/ -->\n<title>Kryetari\/ja - Oda e Nd\u00ebrmjet\u00ebsuesve t\u00eb Kosov\u00ebs<\/title>\n<meta name=\"robots\" content=\"index, follow, max-snippet:-1, max-image-preview:large, max-video-preview:-1\" \/>\n<link rel=\"canonical\" href=\"https:\/\/ndermjetesimi.com\/en\/kryetari-ja\/\" \/>\n<meta property=\"og:locale\" content=\"en_GB\" \/>\n<meta property=\"og:type\" content=\"article\" \/>\n<meta property=\"og:title\" content=\"Kryetari\/ja - Oda e Nd\u00ebrmjet\u00ebsuesve t\u00eb Kosov\u00ebs\" \/>\n<meta property=\"og:description\" content=\"KRYETARI\/JA I\/E OD\u00cbS S\u00cb ND\u00cbRMJET\u00cbSUESVE T\u00cb KOSOV\u00cbS Kryetari\/ja i ONDK ka k\u00ebto kompetenca, autorizime dhe p\u00ebrgjegj\u00ebsi: drejton, udh\u00ebheq, organizon pun\u00ebn dhe \u00ebsht\u00eb p\u00ebrgjegj\u00ebs\/e p\u00ebr ligjshm\u00ebrin\u00eb e pun\u00ebs n\u00eb ONDK; p\u00ebrfaq\u00ebson ONDK dhe pranon t\u00eb gjitha shkresat zyrtare n\u00eb em\u00ebr t\u00eb saj. Ai\/ajo \u00ebsht\u00eb p\u00ebrgjegj\u00ebs\/e p\u00ebr informimin e autoriteteve relevante administrative p\u00ebr \u00e7far\u00ebdo ndryshimi n\u00eb ONDK; &hellip; Kryetari\/ja Read More &raquo;\" \/>\n<meta property=\"og:url\" content=\"https:\/\/ndermjetesimi.com\/en\/kryetari-ja\/\" \/>\n<meta property=\"og:site_name\" content=\"Oda e Nd\u00ebrmjet\u00ebsuesve t\u00eb Kosov\u00ebs\" \/>\n<meta property=\"article:publisher\" content=\"https:\/\/www.facebook.com\/profile.php?id=100070871208708\" \/>\n<meta property=\"article:modified_time\" content=\"2024-09-15T20:21:30+00:00\" \/>\n<meta property=\"og:image\" content=\"https:\/\/ndermjetesimi.com\/wp-content\/uploads\/elementor\/thumbs\/kryetarja-pt2zccx4xcaizzh4a9hwmipembzi4j0ym7j1p5f2cg.jpg\" \/>\n<meta name=\"twitter:card\" content=\"summary_large_image\" \/>\n<meta name=\"twitter:label1\" content=\"Estimated reading time\" \/>\n\t<meta name=\"twitter:data1\" content=\"3 minutes\" \/>\n<script type=\"application\/ld+json\" class=\"yoast-schema-graph\">{\"@context\":\"https:\/\/schema.org\",\"@graph\":[{\"@type\":\"WebPage\",\"@id\":\"https:\/\/ndermjetesimi.com\/kryetari-ja\/\",\"url\":\"https:\/\/ndermjetesimi.com\/kryetari-ja\/\",\"name\":\"Kryetari\/ja - Oda e Nd\u00ebrmjet\u00ebsuesve t\u00eb Kosov\u00ebs\",\"isPartOf\":{\"@id\":\"https:\/\/ndermjetesimi.com\/#website\"},\"datePublished\":\"2022-08-07T16:30:21+00:00\",\"dateModified\":\"2024-09-15T20:21:30+00:00\",\"breadcrumb\":{\"@id\":\"https:\/\/ndermjetesimi.com\/kryetari-ja\/#breadcrumb\"},\"inLanguage\":\"en-GB\",\"potentialAction\":[{\"@type\":\"ReadAction\",\"target\":[\"https:\/\/ndermjetesimi.com\/kryetari-ja\/\"]}]},{\"@type\":\"BreadcrumbList\",\"@id\":\"https:\/\/ndermjetesimi.com\/kryetari-ja\/#breadcrumb\",\"itemListElement\":[{\"@type\":\"ListItem\",\"position\":1,\"name\":\"Home\",\"item\":\"https:\/\/ndermjetesimi.com\/\"},{\"@type\":\"ListItem\",\"position\":2,\"name\":\"Kryetari\/ja\"}]},{\"@type\":\"WebSite\",\"@id\":\"https:\/\/ndermjetesimi.com\/#website\",\"url\":\"https:\/\/ndermjetesimi.com\/\",\"name\":\"Oda e Nd\u00ebrmjet\u00ebsuesve t\u00eb Kosov\u00ebs\",\"description\":\"\",\"publisher\":{\"@id\":\"https:\/\/ndermjetesimi.com\/#organization\"},\"potentialAction\":[{\"@type\":\"SearchAction\",\"target\":{\"@type\":\"EntryPoint\",\"urlTemplate\":\"https:\/\/ndermjetesimi.com\/?s={search_term_string}\"},\"query-input\":\"required name=search_term_string\"}],\"inLanguage\":\"en-GB\"},{\"@type\":\"Organization\",\"@id\":\"https:\/\/ndermjetesimi.com\/#organization\",\"name\":\"Oda e Nd\u00ebrmjet\u00ebsuesve t\u00eb Kosov\u00ebs\",\"url\":\"https:\/\/ndermjetesimi.com\/\",\"logo\":{\"@type\":\"ImageObject\",\"inLanguage\":\"en-GB\",\"@id\":\"https:\/\/ndermjetesimi.com\/#\/schema\/logo\/image\/\",\"url\":\"https:\/\/ndermjetesimi.com\/wp-content\/uploads\/2022\/08\/cropped-Oda-form.png\",\"contentUrl\":\"https:\/\/ndermjetesimi.com\/wp-content\/uploads\/2022\/08\/cropped-Oda-form.png\",\"width\":1676,\"height\":404,\"caption\":\"Oda e Nd\u00ebrmjet\u00ebsuesve t\u00eb Kosov\u00ebs\"},\"image\":{\"@id\":\"https:\/\/ndermjetesimi.com\/#\/schema\/logo\/image\/\"},\"sameAs\":[\"https:\/\/www.facebook.com\/profile.php?id=100070871208708\"]}]}<\/script>\n<!-- \/ Yoast SEO plugin. -->","yoast_head_json":{"title":"Kryetari\/ja - Oda e Nd\u00ebrmjet\u00ebsuesve t\u00eb Kosov\u00ebs","robots":{"index":"index","follow":"follow","max-snippet":"max-snippet:-1","max-image-preview":"max-image-preview:large","max-video-preview":"max-video-preview:-1"},"canonical":"https:\/\/ndermjetesimi.com\/en\/kryetari-ja\/","og_locale":"en_GB","og_type":"article","og_title":"Kryetari\/ja - Oda e Nd\u00ebrmjet\u00ebsuesve t\u00eb Kosov\u00ebs","og_description":"KRYETARI\/JA I\/E OD\u00cbS S\u00cb ND\u00cbRMJET\u00cbSUESVE T\u00cb KOSOV\u00cbS Kryetari\/ja i ONDK ka k\u00ebto kompetenca, autorizime dhe p\u00ebrgjegj\u00ebsi: drejton, udh\u00ebheq, organizon pun\u00ebn dhe \u00ebsht\u00eb p\u00ebrgjegj\u00ebs\/e p\u00ebr ligjshm\u00ebrin\u00eb e pun\u00ebs n\u00eb ONDK; p\u00ebrfaq\u00ebson ONDK dhe pranon t\u00eb gjitha shkresat zyrtare n\u00eb em\u00ebr t\u00eb saj. Ai\/ajo \u00ebsht\u00eb p\u00ebrgjegj\u00ebs\/e p\u00ebr informimin e autoriteteve relevante administrative p\u00ebr \u00e7far\u00ebdo ndryshimi n\u00eb ONDK; &hellip; Kryetari\/ja Read More &raquo;","og_url":"https:\/\/ndermjetesimi.com\/en\/kryetari-ja\/","og_site_name":"Oda e Nd\u00ebrmjet\u00ebsuesve t\u00eb Kosov\u00ebs","article_publisher":"https:\/\/www.facebook.com\/profile.php?id=100070871208708","article_modified_time":"2024-09-15T20:21:30+00:00","og_image":[{"url":"https:\/\/ndermjetesimi.com\/wp-content\/uploads\/elementor\/thumbs\/kryetarja-pt2zccx4xcaizzh4a9hwmipembzi4j0ym7j1p5f2cg.jpg"}],"twitter_card":"summary_large_image","twitter_misc":{"Estimated reading time":"3 minutes"},"schema":{"@context":"https:\/\/schema.org","@graph":[{"@type":"WebPage","@id":"https:\/\/ndermjetesimi.com\/kryetari-ja\/","url":"https:\/\/ndermjetesimi.com\/kryetari-ja\/","name":"Kryetari\/ja - Oda e Nd\u00ebrmjet\u00ebsuesve t\u00eb Kosov\u00ebs","isPartOf":{"@id":"https:\/\/ndermjetesimi.com\/#website"},"datePublished":"2022-08-07T16:30:21+00:00","dateModified":"2024-09-15T20:21:30+00:00","breadcrumb":{"@id":"https:\/\/ndermjetesimi.com\/kryetari-ja\/#breadcrumb"},"inLanguage":"en-GB","potentialAction":[{"@type":"ReadAction","target":["https:\/\/ndermjetesimi.com\/kryetari-ja\/"]}]},{"@type":"BreadcrumbList","@id":"https:\/\/ndermjetesimi.com\/kryetari-ja\/#breadcrumb","itemListElement":[{"@type":"ListItem","position":1,"name":"Home","item":"https:\/\/ndermjetesimi.com\/"},{"@type":"ListItem","position":2,"name":"Kryetari\/ja"}]},{"@type":"WebSite","@id":"https:\/\/ndermjetesimi.com\/#website","url":"https:\/\/ndermjetesimi.com\/","name":"Oda e Nd\u00ebrmjet\u00ebsuesve t\u00eb Kosov\u00ebs","description":"","publisher":{"@id":"https:\/\/ndermjetesimi.com\/#organization"},"potentialAction":[{"@type":"SearchAction","target":{"@type":"EntryPoint","urlTemplate":"https:\/\/ndermjetesimi.com\/?s={search_term_string}"},"query-input":"required name=search_term_string"}],"inLanguage":"en-GB"},{"@type":"Organization","@id":"https:\/\/ndermjetesimi.com\/#organization","name":"Oda e Nd\u00ebrmjet\u00ebsuesve t\u00eb Kosov\u00ebs","url":"https:\/\/ndermjetesimi.com\/","logo":{"@type":"ImageObject","inLanguage":"en-GB","@id":"https:\/\/ndermjetesimi.com\/#\/schema\/logo\/image\/","url":"https:\/\/ndermjetesimi.com\/wp-content\/uploads\/2022\/08\/cropped-Oda-form.png","contentUrl":"https:\/\/ndermjetesimi.com\/wp-content\/uploads\/2022\/08\/cropped-Oda-form.png","width":1676,"height":404,"caption":"Oda e Nd\u00ebrmjet\u00ebsuesve t\u00eb Kosov\u00ebs"},"image":{"@id":"https:\/\/ndermjetesimi.com\/#\/schema\/logo\/image\/"},"sameAs":["https:\/\/www.facebook.com\/profile.php?id=100070871208708"]}]}},"_links":{"self":[{"href":"https:\/\/ndermjetesimi.com\/en\/wp-json\/wp\/v2\/pages\/120"}],"collection":[{"href":"https:\/\/ndermjetesimi.com\/en\/wp-json\/wp\/v2\/pages"}],"about":[{"href":"https:\/\/ndermjetesimi.com\/en\/wp-json\/wp\/v2\/types\/page"}],"author":[{"embeddable":true,"href":"https:\/\/ndermjetesimi.com\/en\/wp-json\/wp\/v2\/users\/1"}],"replies":[{"embeddable":true,"href":"https:\/\/ndermjetesimi.com\/en\/wp-json\/wp\/v2\/comments?post=120"}],"version-history":[{"count":34,"href":"https:\/\/ndermjetesimi.com\/en\/wp-json\/wp\/v2\/pages\/120\/revisions"}],"predecessor-version":[{"id":2857,"href":"https:\/\/ndermjetesimi.com\/en\/wp-json\/wp\/v2\/pages\/120\/revisions\/2857"}],"wp:attachment":[{"href":"https:\/\/ndermjetesimi.com\/en\/wp-json\/wp\/v2\/media?parent=120"}],"curies":[{"name":"wp","href":"https:\/\/api.w.org\/{rel}","templated":true}]}}